{"id":973,"date":"2025-04-26T09:20:00","date_gmt":"2025-04-26T09:20:00","guid":{"rendered":"https:\/\/marrakechprivatetransfer.com\/?post_type=product&#038;p=973"},"modified":"2025-05-09T21:22:07","modified_gmt":"2025-05-09T21:22:07","slug":"half-day-camel-ride-through-the-agafay-desert","status":"publish","type":"product","link":"https:\/\/marrakechprivatetransfer.com\/fr\/produit\/half-day-camel-ride-through-the-agafay-desert\/","title":{"rendered":"Demi-journ\u00e9e de randonn\u00e9e \u00e0 dos de chameau dans le d\u00e9sert d'Agafay"},"content":{"rendered":"","protected":false},"excerpt":{"rendered":"<div class=\"elementor-element elementor-element-1b1d879 elementor-widget elementor-widget-babe-item-content\" data-id=\"1b1d879\" data-element_type=\"widget\" data-widget_type=\"babe-item-content.default\">\n<div class=\"elementor-widget-container\">\n<div class=\"desc-p havezic-single-content\">\n<div class=\"elementor-element elementor-element-1b1d879 elementor-widget elementor-widget-babe-item-content\" data-id=\"1b1d879\" data-element_type=\"widget\" data-widget_type=\"babe-item-content.default\">\n<div class=\"elementor-widget-container\">\n<div class=\"desc-p havezic-single-content\">\n<p>Profitez d'une promenade \u00e0 dos de chameau au coucher du soleil dans le d\u00e9sert d'Agafay, \u00e0 moins d'une heure de route de Marrakech, qui est l'un des nouveaux sites incontournables des environs de Marrakech.<\/p>\n<p>Quoi de mieux qu'une promenade \u00e0 dos de chameau au coucher du soleil dans le d\u00e9sert d'Agafay pour le d\u00e9couvrir et admirer cette magnifique \u00e9tendue de collines caillouteuses avec l'Atlas en toile de fond ?<\/p>\n<p>Au d\u00e9part de notre oasis, partez \u00e0 la d\u00e9couverte du d\u00e9sert d'Agafay \u00e0 dos de chameau, l'animal mythique du Maroc. Ce d\u00e9sert de pierre, situ\u00e9 \u00e0 moins d'une heure de Marrakech, est \u00e0 visiter : des collines d\u00e9sertiques \u00e0 perte de vue en contrebas de l'Atlas en font un lieu unique de plus en plus fr\u00e9quent\u00e9.<\/p>\n<p>La promenade \u00e0 dos de chameau vous emm\u00e8nera \u00e0 travers le magnifique paysage d\u00e9sertique, avec une vue imprenable sur les montagnes de l'Atlas au loin. Vous pourrez vous d\u00e9tendre et admirer le paysage tandis que votre chameau vous transportera doucement sur le terrain sablonneux.<\/p>\n<p>Toujours dans le respect des animaux, notre \u00e9quipe exp\u00e9riment\u00e9e vous offre le meilleur pour cette activit\u00e9 ouverte aux familles, aux groupes d'amis ou aux couples.<\/p>\n<p>En chemin, vous vous arr\u00eaterez pour faire une pause et d\u00e9guster un th\u00e9 et une collation marocains traditionnels, tout en vous impr\u00e9gnant de la tranquillit\u00e9 des lieux.<\/p>\n<p>Apr\u00e8s la promenade \u00e0 dos de chameau, vous serez ramen\u00e9 \u00e0 votre h\u00e9bergement \u00e0 Marrakech, o\u00f9 vous pourrez vous d\u00e9tendre et r\u00e9fl\u00e9chir \u00e0 votre incroyable exp\u00e9rience.<\/p>\n<p>La promenade \u00e0 dos de chameau dans le d\u00e9sert d'Agafay est une exp\u00e9rience unique et inoubliable qui vous fera voyager dans le magnifique d\u00e9sert d'Agafay, situ\u00e9 juste \u00e0 l'ext\u00e9rieur de Marrakech, au Maroc.<\/p>\n<\/div>\n<\/div>\n<\/div>\n<div class=\"elementor-element elementor-element-be69b37 elementor-widget elementor-widget-heading\" data-id=\"be69b37\" data-element_type=\"widget\" data-widget_type=\"heading.default\">\n<div class=\"elementor-widget-container\">\n<h5 class=\"elementor-heading-title elementor-size-default\">Ce qui est inclus<\/h5>\n<\/div>\n<\/div>\n<div class=\"elementor-element elementor-element-c578b04 elementor-widget elementor-widget-babe-item-included\" data-id=\"c578b04\" data-element_type=\"widget\" data-widget_type=\"babe-item-included.default\">\n<div class=\"elementor-widget-container\">\n<div class=\"elementor-widget-inner\">\n<ul class=\"elementor-list-items\">\n<li class=\"list-item\"><i class=\"havezic-icon- havezic-icon-checkbox-circle-fill\" aria-hidden=\"true\"><\/i><span class=\"list-text\">V\u00e9hicule priv\u00e9 climatis\u00e9 avec chauffeur professionnel<\/span><\/li>\n<li class=\"list-item\"><i class=\"havezic-icon- havezic-icon-checkbox-circle-fill\" aria-hidden=\"true\"><\/i><span class=\"list-text\">Gazole et assurance<\/span><\/li>\n<li class=\"list-item\"><i class=\"havezic-icon- havezic-icon-checkbox-circle-fill\" aria-hidden=\"true\"><\/i><span class=\"list-text\">Eau min\u00e9rale et acc\u00e8s WiFi<\/span><\/li>\n<li class=\"list-item\"><i class=\"havezic-icon- havezic-icon-checkbox-circle-fill\" aria-hidden=\"true\"><\/i><span class=\"list-text\">Notre assistance<\/span><\/li>\n<li class=\"list-item\"><i class=\"havezic-icon- havezic-icon-checkbox-circle-fill\" aria-hidden=\"true\"><\/i><span class=\"list-text\">1h de promenade \u00e0 dos de chameau avec un guide dans le d\u00e9sert d'Agafay en portant le Sesh et le Djellaba des Touaregs<\/span><\/li>\n<li class=\"list-item\"><i class=\"havezic-icon- havezic-icon-checkbox-circle-fill\" aria-hidden=\"true\"><\/i><span class=\"list-text\">Th\u00e9 \u00e0 la menthe et cr\u00eapes marocaines<\/span><\/li>\n<\/ul>\n<\/div>\n<\/div>\n<\/div>\n<\/div>\n<\/div>\n<\/div>","protected":false},"featured_media":1520,"comment_status":"open","ping_status":"closed","template":"","meta":{"site-sidebar-layout":"no-sidebar","site-content-layout":"","ast-site-content-layout":"full-width-container","site-content-style":"default","site-sidebar-style":"default","ast-global-header-display":"","ast-banner-title-visibility":"","ast-main-header-display":"disabled","ast-hfb-above-header-display":"","ast-hfb-below-header-display":"","ast-hfb-mobile-header-display":"disabled","site-post-title":"disabled","ast-breadcrumbs-content":"disabled","ast-featured-img":"disabled","footer-sml-layout":"disabled","theme-transparent-header-meta":"default","adv-header-id-meta":"","stick-header-meta":"","header-above-stick-meta":"","header-main-stick-meta":"","header-below-stick-meta":"","astra-migrate-meta-layouts":"set","ast-page-background-enabled":"default","ast-page-background-meta":{"desktop":{"background-color":"var(--ast-global-color-5)","background-image":"","background-repeat":"repeat","background-position":"center center","background-size":"auto","background-attachment":"scroll","background-type":"","background-media":"","overlay-type":"","overlay-color":"","overlay-opacity":"","overlay-gradient":""},"tablet":{"background-color":"","background-image":"","background-repeat":"repeat","background-position":"center center","background-size":"auto","background-attachment":"scroll","background-type":"","background-media":"","overlay-type":"","overlay-color":"","overlay-opacity":"","overlay-gradient":""},"mobile":{"background-color":"","background-image":"","background-repeat":"repeat","background-position":"center center","background-size":"auto","background-attachment":"scroll","background-type":"","background-media":"","overlay-type":"","overlay-color":"","overlay-opacity":"","overlay-gradient":""}},"ast-content-background-meta":{"desktop":{"background-color":"var(--ast-global-color-4)","background-image":"","background-repeat":"repeat","background-position":"center center","background-size":"auto","background-attachment":"scroll","background-type":"","background-media":"","overlay-type":"","overlay-color":"","overlay-opacity":"","overlay-gradient":""},"tablet":{"background-color":"var(--ast-global-color-4)","background-image":"","background-repeat":"repeat","background-position":"center center","background-size":"auto","background-attachment":"scroll","background-type":"","background-media":"","overlay-type":"","overlay-color":"","overlay-opacity":"","overlay-gradient":""},"mobile":{"background-color":"var(--ast-global-color-4)","background-image":"","background-repeat":"repeat","background-position":"center center","background-size":"auto","background-attachment":"scroll","background-type":"","background-media":"","overlay-type":"","overlay-color":"","overlay-opacity":"","overlay-gradient":""}}},"product_brand":[],"product_cat":[31,40,37],"product_tag":[],"class_list":{"0":"post-973","1":"product","2":"type-product","3":"status-publish","4":"has-post-thumbnail","6":"product_cat-agafay","7":"product_cat-sahara-desert","8":"product_cat-tours","9":"desktop-align-left","10":"tablet-align-left","11":"mobile-align-left","13":"first","14":"instock","15":"shipping-taxable","16":"purchasable","17":"product-type-simple"},"_links":{"self":[{"href":"https:\/\/marrakechprivatetransfer.com\/fr\/wp-json\/wp\/v2\/product\/973","targetHints":{"allow":["GET"]}}],"collection":[{"href":"https:\/\/marrakechprivatetransfer.com\/fr\/wp-json\/wp\/v2\/product"}],"about":[{"href":"https:\/\/marrakechprivatetransfer.com\/fr\/wp-json\/wp\/v2\/types\/product"}],"replies":[{"embeddable":true,"href":"https:\/\/marrakechprivatetransfer.com\/fr\/wp-json\/wp\/v2\/comments?post=973"}],"wp:featuredmedia":[{"embeddable":true,"href":"https:\/\/marrakechprivatetransfer.com\/fr\/wp-json\/wp\/v2\/media\/1520"}],"wp:attachment":[{"href":"https:\/\/marrakechprivatetransfer.com\/fr\/wp-json\/wp\/v2\/media?parent=973"}],"wp:term":[{"taxonomy":"product_brand","embeddable":true,"href":"https:\/\/marrakechprivatetransfer.com\/fr\/wp-json\/wp\/v2\/product_brand?post=973"},{"taxonomy":"product_cat","embeddable":true,"href":"https:\/\/marrakechprivatetransfer.com\/fr\/wp-json\/wp\/v2\/product_cat?post=973"},{"taxonomy":"product_tag","embeddable":true,"href":"https:\/\/marrakechprivatetransfer.com\/fr\/wp-json\/wp\/v2\/product_tag?post=973"}],"curies":[{"name":"wp","href":"https:\/\/api.w.org\/{rel}","templated":true}]}}