{"id":972,"date":"2025-04-26T09:20:03","date_gmt":"2025-04-26T09:20:03","guid":{"rendered":"https:\/\/marrakechprivatetransfer.com\/?post_type=product&#038;p=972"},"modified":"2025-05-09T21:22:07","modified_gmt":"2025-05-09T21:22:07","slug":"half-day-quad-adventure-through-the-agafay-desert","status":"publish","type":"product","link":"https:\/\/marrakechprivatetransfer.com\/fr\/produit\/half-day-quad-adventure-through-the-agafay-desert\/","title":{"rendered":"Demi-journ\u00e9e d'aventure en quad dans le d\u00e9sert d'Agafay"},"content":{"rendered":"","protected":false},"excerpt":{"rendered":"<div class=\"elementor-element elementor-element-1b1d879 elementor-widget elementor-widget-babe-item-content\" data-id=\"1b1d879\" data-element_type=\"widget\" data-widget_type=\"babe-item-content.default\">\n<div class=\"elementor-widget-container\">\n<div class=\"desc-p havezic-single-content\">\n<div class=\"elementor-element elementor-element-1b1d879 elementor-widget elementor-widget-babe-item-content\" data-id=\"1b1d879\" data-element_type=\"widget\" data-widget_type=\"babe-item-content.default\">\n<div class=\"elementor-widget-container\">\n<div class=\"desc-p havezic-single-content\">\n<p>Admirez les magnifiques paysages du d\u00e9sert d'Agafay lors d'une amusante randonn\u00e9e guid\u00e9e en quad. Ressentez le frisson de la conduite d'un v\u00e9hicule tout-terrain \u00e0 travers les magnifiques dunes marocaines et les camps nomades traditionnels.<\/p>\n<p>Sortez de la ville pour vous rendre dans le d\u00e9sert de pierres d'Agafay, o\u00f9 vous trouverez de superbes pistes, l'air frais de la montagne et une balade inoubliable. Avec ses collines en forme de dunes et ses vues exceptionnelles sur l'Atlas, le d\u00e9sert d'Agafay est la nouvelle star de la r\u00e9gion de Marrakech.<\/p>\n<p>Une exp\u00e9rience en quad est une excellente option pour les petites f\u00eates qui veulent sortir de la ville et qui recherchent le meilleur service !<\/p>\n<p id=\"tw-target-text\" class=\"tw-data-text tw-text-large tw-ta\" dir=\"ltr\" data-placeholder=\"Traduction\"><span lang=\"en\">Parcourez les pistes du d\u00e9sert de pierres d'Agafay avec notre \u00e9quipe exp\u00e9riment\u00e9e ! Des paysages \u00e0 couper le souffle vous attendent. Plant\u00e9 au pied du Haut Atlas, le d\u00e9sert d'Agafay vous offrira des vues imprenables sur le Haut Atlas et ses collines aux allures de dunes.<\/span><\/p>\n<p dir=\"ltr\" data-placeholder=\"Traduction\">Apr\u00e8s avoir \u00e9t\u00e9 pris en charge \u00e0 votre h\u00f4tel ou riad \u00e0 Marrakech, vous vous dirigez vers la tranquillit\u00e9 de ce d\u00e9sert intact situ\u00e9 juste sous les montagnes de l'Atlas, qui est rest\u00e9 cach\u00e9 pendant des si\u00e8cles. Traversez des paysages d'une grande diversit\u00e9 : montagnes, rivi\u00e8res ass\u00e9ch\u00e9es et collines rocheuses. D\u00e9couvrez d'authentiques villages berb\u00e8res, o\u00f9 les habitants vivent encore selon les traditions \u00e9tablies par leurs anc\u00eatres il y a plus de 200 ans. Profitez d'un arr\u00eat pour t\u00e9moigner de l'hospitalit\u00e9 berb\u00e8re et siroter un d\u00e9licieux th\u00e9 \u00e0 la menthe.<\/p>\n<p class=\"tw-data-text tw-text-large tw-ta\" dir=\"ltr\" data-placeholder=\"Traduction\"><span lang=\"en\">Au d\u00e9part de notre oasis, nos guides se feront un plaisir de montrer aux pilotes exp\u00e9riment\u00e9s leurs pistes et leurs endroits pr\u00e9f\u00e9r\u00e9s. Vous roulerez sur un quad Yamaha - tout l'\u00e9quipement dont vous aurez besoin, y compris des lunettes, une cagoule, un casque et un imperm\u00e9able, vous sera fourni.<\/span><\/p>\n<p class=\"tw-data-text tw-text-large tw-ta\" dir=\"ltr\" data-placeholder=\"Traduction\"><span lang=\"en\">Cette sortie est id\u00e9ale pour les amis.<\/span><\/p>\n<\/div>\n<\/div>\n<\/div>\n<div class=\"elementor-element elementor-element-be69b37 elementor-widget elementor-widget-heading\" data-id=\"be69b37\" data-element_type=\"widget\" data-widget_type=\"heading.default\">\n<div class=\"elementor-widget-container\">\n<h5 class=\"elementor-heading-title elementor-size-default\">Ce qui est inclus<\/h5>\n<\/div>\n<\/div>\n<div class=\"elementor-element elementor-element-c578b04 elementor-widget elementor-widget-babe-item-included\" data-id=\"c578b04\" data-element_type=\"widget\" data-widget_type=\"babe-item-included.default\">\n<div class=\"elementor-widget-container\">\n<div class=\"elementor-widget-inner\">\n<ul class=\"elementor-list-items\">\n<li class=\"list-item\"><i class=\"havezic-icon- havezic-icon-checkbox-circle-fill\" aria-hidden=\"true\"><\/i><span class=\"list-text\">V\u00e9hicule priv\u00e9 climatis\u00e9 avec chauffeur professionnel<\/span><\/li>\n<li class=\"list-item\"><i class=\"havezic-icon- havezic-icon-checkbox-circle-fill\" aria-hidden=\"true\"><\/i><span class=\"list-text\">Gazole et assurance<\/span><\/li>\n<li class=\"list-item\"><i class=\"havezic-icon- havezic-icon-checkbox-circle-fill\" aria-hidden=\"true\"><\/i><span class=\"list-text\">Eau min\u00e9rale et acc\u00e8s WiFi<\/span><\/li>\n<li class=\"list-item\"><i class=\"havezic-icon- havezic-icon-checkbox-circle-fill\" aria-hidden=\"true\"><\/i><span class=\"list-text\">Notre assistance<\/span><\/li>\n<li class=\"list-item\"><i class=\"havezic-icon- havezic-icon-checkbox-circle-fill\" aria-hidden=\"true\"><\/i><span class=\"list-text\">2h Quad avec guide, casque, lunettes<\/span><\/li>\n<li class=\"list-item\"><i class=\"havezic-icon- havezic-icon-checkbox-circle-fill\" aria-hidden=\"true\"><\/i><span class=\"list-text\">Th\u00e9 \u00e0 la menthe et cr\u00eapes marocaines<\/span><\/li>\n<\/ul>\n<\/div>\n<\/div>\n<\/div>\n<\/div>\n<\/div>\n<\/div>","protected":false},"featured_media":1519,"comment_status":"open","ping_status":"closed","template":"","meta":{"site-sidebar-layout":"no-sidebar","site-content-layout":"","ast-site-content-layout":"full-width-container","site-content-style":"default","site-sidebar-style":"default","ast-global-header-display":"","ast-banner-title-visibility":"","ast-main-header-display":"disabled","ast-hfb-above-header-display":"","ast-hfb-below-header-display":"","ast-hfb-mobile-header-display":"disabled","site-post-title":"disabled","ast-breadcrumbs-content":"disabled","ast-featured-img":"disabled","footer-sml-layout":"disabled","theme-transparent-header-meta":"default","adv-header-id-meta":"","stick-header-meta":"","header-above-stick-meta":"","header-main-stick-meta":"","header-below-stick-meta":"","astra-migrate-meta-layouts":"set","ast-page-background-enabled":"default","ast-page-background-meta":{"desktop":{"background-color":"var(--ast-global-color-5)","background-image":"","background-repeat":"repeat","background-position":"center center","background-size":"auto","background-attachment":"scroll","background-type":"","background-media":"","overlay-type":"","overlay-color":"","overlay-opacity":"","overlay-gradient":""},"tablet":{"background-color":"","background-image":"","background-repeat":"repeat","background-position":"center center","background-size":"auto","background-attachment":"scroll","background-type":"","background-media":"","overlay-type":"","overlay-color":"","overlay-opacity":"","overlay-gradient":""},"mobile":{"background-color":"","background-image":"","background-repeat":"repeat","background-position":"center center","background-size":"auto","background-attachment":"scroll","background-type":"","background-media":"","overlay-type":"","overlay-color":"","overlay-opacity":"","overlay-gradient":""}},"ast-content-background-meta":{"desktop":{"background-color":"var(--ast-global-color-4)","background-image":"","background-repeat":"repeat","background-position":"center center","background-size":"auto","background-attachment":"scroll","background-type":"","background-media":"","overlay-type":"","overlay-color":"","overlay-opacity":"","overlay-gradient":""},"tablet":{"background-color":"var(--ast-global-color-4)","background-image":"","background-repeat":"repeat","background-position":"center center","background-size":"auto","background-attachment":"scroll","background-type":"","background-media":"","overlay-type":"","overlay-color":"","overlay-opacity":"","overlay-gradient":""},"mobile":{"background-color":"var(--ast-global-color-4)","background-image":"","background-repeat":"repeat","background-position":"center center","background-size":"auto","background-attachment":"scroll","background-type":"","background-media":"","overlay-type":"","overlay-color":"","overlay-opacity":"","overlay-gradient":""}}},"product_brand":[],"product_cat":[31,40,37],"product_tag":[],"class_list":{"0":"post-972","1":"product","2":"type-product","3":"status-publish","4":"has-post-thumbnail","6":"product_cat-agafay","7":"product_cat-sahara-desert","8":"product_cat-tours","9":"desktop-align-left","10":"tablet-align-left","11":"mobile-align-left","13":"first","14":"instock","15":"shipping-taxable","16":"purchasable","17":"product-type-simple"},"_links":{"self":[{"href":"https:\/\/marrakechprivatetransfer.com\/fr\/wp-json\/wp\/v2\/product\/972","targetHints":{"allow":["GET"]}}],"collection":[{"href":"https:\/\/marrakechprivatetransfer.com\/fr\/wp-json\/wp\/v2\/product"}],"about":[{"href":"https:\/\/marrakechprivatetransfer.com\/fr\/wp-json\/wp\/v2\/types\/product"}],"replies":[{"embeddable":true,"href":"https:\/\/marrakechprivatetransfer.com\/fr\/wp-json\/wp\/v2\/comments?post=972"}],"wp:featuredmedia":[{"embeddable":true,"href":"https:\/\/marrakechprivatetransfer.com\/fr\/wp-json\/wp\/v2\/media\/1519"}],"wp:attachment":[{"href":"https:\/\/marrakechprivatetransfer.com\/fr\/wp-json\/wp\/v2\/media?parent=972"}],"wp:term":[{"taxonomy":"product_brand","embeddable":true,"href":"https:\/\/marrakechprivatetransfer.com\/fr\/wp-json\/wp\/v2\/product_brand?post=972"},{"taxonomy":"product_cat","embeddable":true,"href":"https:\/\/marrakechprivatetransfer.com\/fr\/wp-json\/wp\/v2\/product_cat?post=972"},{"taxonomy":"product_tag","embeddable":true,"href":"https:\/\/marrakechprivatetransfer.com\/fr\/wp-json\/wp\/v2\/product_tag?post=972"}],"curies":[{"name":"wp","href":"https:\/\/api.w.org\/{rel}","templated":true}]}}