{"id":971,"date":"2025-04-26T09:20:07","date_gmt":"2025-04-26T09:20:07","guid":{"rendered":"https:\/\/marrakechprivatetransfer.com\/?post_type=product&#038;p=971"},"modified":"2025-05-09T20:50:19","modified_gmt":"2025-05-09T20:50:19","slug":"desert-oasis-agafay-pool-gourmet-lunch-experience","status":"publish","type":"product","link":"https:\/\/marrakechprivatetransfer.com\/fr\/produit\/desert-oasis-agafay-pool-gourmet-lunch-experience\/","title":{"rendered":"Oasis du d\u00e9sert - Piscine d'Agafay et d\u00e9jeuner gastronomique"},"content":{"rendered":"","protected":false},"excerpt":{"rendered":"<div class=\"elementor-element elementor-element-1b1d879 elementor-widget elementor-widget-babe-item-content\" data-id=\"1b1d879\" data-element_type=\"widget\" data-widget_type=\"babe-item-content.default\">\n<div class=\"elementor-widget-container\">\n<div class=\"desc-p havezic-single-content\">\n<div class=\"elementor-element elementor-element-1b1d879 elementor-widget elementor-widget-babe-item-content\" data-id=\"1b1d879\" data-element_type=\"widget\" data-widget_type=\"babe-item-content.default\">\n<div class=\"elementor-widget-container\">\n<div class=\"desc-p havezic-single-content\">\n<p>\u00c9chappez \u00e0 la chaleur de Marrakech et rafra\u00eechissez-vous avec notre carte journali\u00e8re \u00e0 la piscine du d\u00e9sert d'Agafay, d\u00e9jeuner compris. Notre piscine offre une pause rafra\u00eechissante pendant les chaleurs estivales, lorsque les temp\u00e9ratures atteignent 45-50\u00b0C. D\u00e9tendez-vous sur nos chaises longues confortables et plongez dans notre piscine luxueuse tout en profitant des vues spectaculaires sur le d\u00e9sert d'Agafay.<\/p>\n<p>Situ\u00e9e dans le magnifique d\u00e9sert d'Agafay, \u00e0 seulement 30 minutes de la ville de Marrakech, la piscine d'Agafay offre une \u00e9chapp\u00e9e sereine loin de l'agitation de Marrakech.<br \/>\nFermez les yeux, respirez les senteurs du d\u00e9sert et laissez la carte journali\u00e8re magique de la piscine d'Agafay s'occuper du reste.<\/p>\n<p>Avec cette carte journali\u00e8re, vous aurez acc\u00e8s \u00e0 une belle piscine et \u00e0 une s\u00e9rie d'activit\u00e9s passionnantes pour vous divertir.<br \/>\nAlors, qu'attendez-vous ? R\u00e9servez d\u00e8s aujourd'hui votre carte journali\u00e8re pour la piscine d'Agafay avec d\u00e9jeuner et pr\u00e9parez-vous \u00e0 la d\u00e9tente, \u00e0 l'aventure et \u00e0 la d\u00e9licieuse cuisine marocaine.<\/p>\n<p>\u00c0 votre arriv\u00e9e \u00e0 Agafay, vous serez accueilli par un paysage d\u00e9sertique \u00e0 couper le souffle et une atmosph\u00e8re tranquille. Vous aurez acc\u00e8s \u00e0 une belle piscine, entour\u00e9e de palmiers et de verdure, ainsi qu'\u00e0 de nombreuses chaises longues confortables pour vous d\u00e9tendre.<\/p>\n<p>Le point fort de votre journ\u00e9e sera sans aucun doute le d\u00e9licieux d\u00e9jeuner marocain inclus dans votre carte journali\u00e8re. Savourez des plats marocains traditionnels, tous pr\u00e9par\u00e9s avec des ingr\u00e9dients frais et locaux.<\/p>\n<p>Les v\u00e9g\u00e9tariens et les v\u00e9g\u00e9taliens trouveront \u00e9galement de nombreuses options d\u00e9licieuses sur le menu.<\/p>\n<\/div>\n<\/div>\n<\/div>\n<div class=\"elementor-element elementor-element-be69b37 elementor-widget elementor-widget-heading\" data-id=\"be69b37\" data-element_type=\"widget\" data-widget_type=\"heading.default\">\n<div class=\"elementor-widget-container\">\n<h5 class=\"elementor-heading-title elementor-size-default\">Ce qui est inclus<\/h5>\n<\/div>\n<\/div>\n<div class=\"elementor-element elementor-element-c578b04 elementor-widget elementor-widget-babe-item-included\" data-id=\"c578b04\" data-element_type=\"widget\" data-widget_type=\"babe-item-included.default\">\n<div class=\"elementor-widget-container\">\n<div class=\"elementor-widget-inner\">\n<ul class=\"elementor-list-items\">\n<li class=\"list-item\"><i class=\"havezic-icon- havezic-icon-checkbox-circle-fill\" aria-hidden=\"true\"><\/i><span class=\"list-text\">V\u00e9hicule priv\u00e9 climatis\u00e9 avec chauffeur professionnel<\/span><\/li>\n<li class=\"list-item\"><i class=\"havezic-icon- havezic-icon-checkbox-circle-fill\" aria-hidden=\"true\"><\/i><span class=\"list-text\">Gazole et assurance<\/span><\/li>\n<li class=\"list-item\"><i class=\"havezic-icon- havezic-icon-checkbox-circle-fill\" aria-hidden=\"true\"><\/i><span class=\"list-text\">Eau min\u00e9rale et acc\u00e8s WiFi<\/span><\/li>\n<li class=\"list-item\"><i class=\"havezic-icon- havezic-icon-checkbox-circle-fill\" aria-hidden=\"true\"><\/i><span class=\"list-text\">Acc\u00e8s \u00e0 la piscine<\/span><\/li>\n<li class=\"list-item\"><i class=\"havezic-icon- havezic-icon-checkbox-circle-fill\" aria-hidden=\"true\"><\/i><span class=\"list-text\">Chaises longues et serviettes<\/span><\/li>\n<li class=\"list-item\"><i class=\"havezic-icon- havezic-icon-checkbox-circle-fill\" aria-hidden=\"true\"><\/i><span class=\"list-text\">D\u00e9gustez un repas typiquement marocain, comprenant une entr\u00e9e, un plat principal (tajine au choix) et un dessert.<\/span><\/li>\n<li class=\"list-item\"><i class=\"havezic-icon- havezic-icon-checkbox-circle-fill\" aria-hidden=\"true\"><\/i><span class=\"list-text\">Notre assistance<\/span><\/li>\n<\/ul>\n<\/div>\n<\/div>\n<\/div>\n<\/div>\n<\/div>\n<\/div>","protected":false},"featured_media":1517,"comment_status":"open","ping_status":"closed","template":"","meta":{"site-sidebar-layout":"no-sidebar","site-content-layout":"","ast-site-content-layout":"full-width-container","site-content-style":"default","site-sidebar-style":"default","ast-global-header-display":"","ast-banner-title-visibility":"","ast-main-header-display":"disabled","ast-hfb-above-header-display":"","ast-hfb-below-header-display":"","ast-hfb-mobile-header-display":"disabled","site-post-title":"disabled","ast-breadcrumbs-content":"disabled","ast-featured-img":"disabled","footer-sml-layout":"disabled","theme-transparent-header-meta":"default","adv-header-id-meta":"","stick-header-meta":"","header-above-stick-meta":"","header-main-stick-meta":"","header-below-stick-meta":"","astra-migrate-meta-layouts":"set","ast-page-background-enabled":"default","ast-page-background-meta":{"desktop":{"background-color":"var(--ast-global-color-5)","background-image":"","background-repeat":"repeat","background-position":"center center","background-size":"auto","background-attachment":"scroll","background-type":"","background-media":"","overlay-type":"","overlay-color":"","overlay-opacity":"","overlay-gradient":""},"tablet":{"background-color":"","background-image":"","background-repeat":"repeat","background-position":"center center","background-size":"auto","background-attachment":"scroll","background-type":"","background-media":"","overlay-type":"","overlay-color":"","overlay-opacity":"","overlay-gradient":""},"mobile":{"background-color":"","background-image":"","background-repeat":"repeat","background-position":"center center","background-size":"auto","background-attachment":"scroll","background-type":"","background-media":"","overlay-type":"","overlay-color":"","overlay-opacity":"","overlay-gradient":""}},"ast-content-background-meta":{"desktop":{"background-color":"var(--ast-global-color-4)","background-image":"","background-repeat":"repeat","background-position":"center center","background-size":"auto","background-attachment":"scroll","background-type":"","background-media":"","overlay-type":"","overlay-color":"","overlay-opacity":"","overlay-gradient":""},"tablet":{"background-color":"var(--ast-global-color-4)","background-image":"","background-repeat":"repeat","background-position":"center center","background-size":"auto","background-attachment":"scroll","background-type":"","background-media":"","overlay-type":"","overlay-color":"","overlay-opacity":"","overlay-gradient":""},"mobile":{"background-color":"var(--ast-global-color-4)","background-image":"","background-repeat":"repeat","background-position":"center center","background-size":"auto","background-attachment":"scroll","background-type":"","background-media":"","overlay-type":"","overlay-color":"","overlay-opacity":"","overlay-gradient":""}}},"product_brand":[],"product_cat":[31,37],"product_tag":[],"class_list":{"0":"post-971","1":"product","2":"type-product","3":"status-publish","4":"has-post-thumbnail","6":"product_cat-agafay","7":"product_cat-tours","8":"desktop-align-left","9":"tablet-align-left","10":"mobile-align-left","12":"first","13":"instock","14":"shipping-taxable","15":"purchasable","16":"product-type-simple"},"_links":{"self":[{"href":"https:\/\/marrakechprivatetransfer.com\/fr\/wp-json\/wp\/v2\/product\/971","targetHints":{"allow":["GET"]}}],"collection":[{"href":"https:\/\/marrakechprivatetransfer.com\/fr\/wp-json\/wp\/v2\/product"}],"about":[{"href":"https:\/\/marrakechprivatetransfer.com\/fr\/wp-json\/wp\/v2\/types\/product"}],"replies":[{"embeddable":true,"href":"https:\/\/marrakechprivatetransfer.com\/fr\/wp-json\/wp\/v2\/comments?post=971"}],"wp:featuredmedia":[{"embeddable":true,"href":"https:\/\/marrakechprivatetransfer.com\/fr\/wp-json\/wp\/v2\/media\/1517"}],"wp:attachment":[{"href":"https:\/\/marrakechprivatetransfer.com\/fr\/wp-json\/wp\/v2\/media?parent=971"}],"wp:term":[{"taxonomy":"product_brand","embeddable":true,"href":"https:\/\/marrakechprivatetransfer.com\/fr\/wp-json\/wp\/v2\/product_brand?post=971"},{"taxonomy":"product_cat","embeddable":true,"href":"https:\/\/marrakechprivatetransfer.com\/fr\/wp-json\/wp\/v2\/product_cat?post=971"},{"taxonomy":"product_tag","embeddable":true,"href":"https:\/\/marrakechprivatetransfer.com\/fr\/wp-json\/wp\/v2\/product_tag?post=971"}],"curies":[{"name":"wp","href":"https:\/\/api.w.org\/{rel}","templated":true}]}}