{"id":970,"date":"2025-04-26T09:20:10","date_gmt":"2025-04-26T09:20:10","guid":{"rendered":"https:\/\/marrakechprivatetransfer.com\/?post_type=product&#038;p=970"},"modified":"2025-05-09T20:49:58","modified_gmt":"2025-05-09T20:49:58","slug":"romantic-dinner-with-camel-ride-quad-bike-in-agafay-desert","status":"publish","type":"product","link":"https:\/\/marrakechprivatetransfer.com\/fr\/produit\/romantic-dinner-with-camel-ride-quad-bike-in-agafay-desert\/","title":{"rendered":"D\u00eener romantique avec promenade \u00e0 dos de chameau et en quad dans le d\u00e9sert d'Agafay"},"content":{"rendered":"","protected":false},"excerpt":{"rendered":"<div class=\"elementor-element elementor-element-1b1d879 elementor-widget elementor-widget-babe-item-content\" data-id=\"1b1d879\" data-element_type=\"widget\" data-widget_type=\"babe-item-content.default\">\n<div class=\"elementor-widget-container\">\n<div class=\"desc-p havezic-single-content\">\n<p>D\u00eener romantique dans le d\u00e9sert d'Agafay en regardant le coucher de soleil sur le d\u00e9sert d'Agafay et en faisant l'exp\u00e9rience de la v\u00e9ritable hospitalit\u00e9 nomade. D\u00e9couvrez la cuisine marocaine traditionnelle sous le ciel \u00e9toil\u00e9 du d\u00e9sert d'Agafay. D\u00eenez dans une tente nomade autour d'un feu de camp et d'un spectacle nomade.<\/p>\n<p>Vous n'aurez pas besoin de 3 jours pour profiter de l'observation des \u00e9toiles du Sahara. Le d\u00e9sert d'Agafay est une activit\u00e9 incontournable lors de votre s\u00e9jour \u00e0 Marrakech.<\/p>\n<p>D\u00e9part de votre h\u00f4tel en transfert priv\u00e9, direction le d\u00e9sert d'Agafay (35km) \u00e0 l'ext\u00e9rieur de Marrakech. Notre circuit vous emm\u00e8ne directement dans le confort de notre campement du d\u00e9sert d'Agafay pour faire l'exp\u00e9rience de la riche culture marocaine, de la nourriture et des d\u00e9lices qui l'accompagnent. Pour une exp\u00e9rience unique de coucher de soleil et de d\u00eener dans le d\u00e9sert d'Agafay, profitez d'une promenade \u00e0 dos de chameau avec un guide dans le d\u00e9sert d'Agafay en portant le Sesh et la Djellaba des Touaregs, soyez les hommes et les femmes en bleu se r\u00e9f\u00e9rant aux Touargues du Maroc en vous habillant comme un nomade marocain. et une exp\u00e9rience de quad d'adr\u00e9naline avec un guide, des couvre-chefs, des lunettes.<\/p>\n<p>\u00c0 Agafay, l'une des meilleures choses \u00e0 faire est un d\u00eener romantique avec vue sur les montagnes de l'Atlas et les dunes rocheuses. Go\u00fbtez \u00e0 la cuisine locale en d\u00e9gustant un tajine fra\u00eechement pr\u00e9par\u00e9, suivi de p\u00e2tisseries et d'un th\u00e9 \u00e0 la menthe marocain.<\/p>\n<p>Ce d\u00eener romantique dans le d\u00e9sert d'Agafay est la meilleure fa\u00e7on de marier vos amies ou de surprendre votre femme. D\u00e8s votre arriv\u00e9e, l'\u00e9quipe vous accueillera et vous aidera \u00e0 faire de ce d\u00eener romantique un moment inoubliable.<\/p>\n<p>&nbsp;<\/p>\n<\/div>\n<\/div>\n<\/div>\n<div class=\"elementor-element elementor-element-be69b37 elementor-widget elementor-widget-heading\" data-id=\"be69b37\" data-element_type=\"widget\" data-widget_type=\"heading.default\">\n<div class=\"elementor-widget-container\">\n<h4 class=\"elementor-heading-title elementor-size-default\">Ce qui est inclus<\/h4>\n<\/div>\n<\/div>\n<div class=\"elementor-element elementor-element-c578b04 elementor-widget elementor-widget-babe-item-included\" data-id=\"c578b04\" data-element_type=\"widget\" data-widget_type=\"babe-item-included.default\">\n<div class=\"elementor-widget-container\">\n<div class=\"elementor-widget-inner\">\n<ul class=\"elementor-list-items\">\n<li class=\"list-item\"><i class=\"havezic-icon- havezic-icon-checkbox-circle-fill\" aria-hidden=\"true\"><\/i><span class=\"list-text\">V\u00e9hicule priv\u00e9 climatis\u00e9 avec chauffeur professionnel<\/span><\/li>\n<li class=\"list-item\"><i class=\"havezic-icon- havezic-icon-checkbox-circle-fill\" aria-hidden=\"true\"><\/i><span class=\"list-text\">Gazole et assurance<\/span><\/li>\n<li class=\"list-item\"><i class=\"havezic-icon- havezic-icon-checkbox-circle-fill\" aria-hidden=\"true\"><\/i><span class=\"list-text\">Eau min\u00e9rale et acc\u00e8s WiFi<\/span><\/li>\n<li class=\"list-item\"><i class=\"havezic-icon- havezic-icon-checkbox-circle-fill\" aria-hidden=\"true\"><\/i><span class=\"list-text\">Notre assistance<\/span><\/li>\n<li class=\"list-item\"><i class=\"havezic-icon- havezic-icon-checkbox-circle-fill\" aria-hidden=\"true\"><\/i><span class=\"list-text\">1h de randonn\u00e9e \u00e0 dos de chameau avec un guide dans le d\u00e9sert d'Agafay en portant le Sesh et le Djellaba des Touaregs<\/span><\/li>\n<li class=\"list-item\"><i class=\"havezic-icon- havezic-icon-checkbox-circle-fill\" aria-hidden=\"true\"><\/i><span class=\"list-text\">1h Quad avec guide, casque, lunettes<\/span><\/li>\n<li class=\"list-item\"><i class=\"havezic-icon- havezic-icon-checkbox-circle-fill\" aria-hidden=\"true\"><\/i><span class=\"list-text\">Th\u00e9 \u00e0 la menthe et cr\u00eapes marocaines<\/span><\/li>\n<li class=\"list-item\"><i class=\"havezic-icon- havezic-icon-checkbox-circle-fill\" aria-hidden=\"true\"><\/i><span class=\"list-text\">D\u00eener dans une tente nomade aux chandelles, spectacle nomade, feu de camp<\/span><\/li>\n<li class=\"list-item\"><i class=\"havezic-icon- havezic-icon-checkbox-circle-fill\" aria-hidden=\"true\"><\/i><span class=\"list-text\">Les boissons alcoolis\u00e9es ne sont pas disponibles, vous pouvez apporter les v\u00f4tres si vous le souhaitez.<\/span><\/li>\n<\/ul>\n<\/div>\n<\/div>\n<\/div>","protected":false},"featured_media":634,"comment_status":"open","ping_status":"closed","template":"","meta":{"site-sidebar-layout":"no-sidebar","site-content-layout":"","ast-site-content-layout":"full-width-container","site-content-style":"default","site-sidebar-style":"default","ast-global-header-display":"","ast-banner-title-visibility":"","ast-main-header-display":"disabled","ast-hfb-above-header-display":"","ast-hfb-below-header-display":"","ast-hfb-mobile-header-display":"disabled","site-post-title":"disabled","ast-breadcrumbs-content":"disabled","ast-featured-img":"disabled","footer-sml-layout":"disabled","theme-transparent-header-meta":"default","adv-header-id-meta":"","stick-header-meta":"","header-above-stick-meta":"","header-main-stick-meta":"","header-below-stick-meta":"","astra-migrate-meta-layouts":"set","ast-page-background-enabled":"default","ast-page-background-meta":{"desktop":{"background-color":"var(--ast-global-color-5)","background-image":"","background-repeat":"repeat","background-position":"center center","background-size":"auto","background-attachment":"scroll","background-type":"","background-media":"","overlay-type":"","overlay-color":"","overlay-opacity":"","overlay-gradient":""},"tablet":{"background-color":"","background-image":"","background-repeat":"repeat","background-position":"center center","background-size":"auto","background-attachment":"scroll","background-type":"","background-media":"","overlay-type":"","overlay-color":"","overlay-opacity":"","overlay-gradient":""},"mobile":{"background-color":"","background-image":"","background-repeat":"repeat","background-position":"center center","background-size":"auto","background-attachment":"scroll","background-type":"","background-media":"","overlay-type":"","overlay-color":"","overlay-opacity":"","overlay-gradient":""}},"ast-content-background-meta":{"desktop":{"background-color":"var(--ast-global-color-4)","background-image":"","background-repeat":"repeat","background-position":"center center","background-size":"auto","background-attachment":"scroll","background-type":"","background-media":"","overlay-type":"","overlay-color":"","overlay-opacity":"","overlay-gradient":""},"tablet":{"background-color":"var(--ast-global-color-4)","background-image":"","background-repeat":"repeat","background-position":"center center","background-size":"auto","background-attachment":"scroll","background-type":"","background-media":"","overlay-type":"","overlay-color":"","overlay-opacity":"","overlay-gradient":""},"mobile":{"background-color":"var(--ast-global-color-4)","background-image":"","background-repeat":"repeat","background-position":"center center","background-size":"auto","background-attachment":"scroll","background-type":"","background-media":"","overlay-type":"","overlay-color":"","overlay-opacity":"","overlay-gradient":""}}},"product_brand":[],"product_cat":[31,37],"product_tag":[],"class_list":{"0":"post-970","1":"product","2":"type-product","3":"status-publish","4":"has-post-thumbnail","6":"product_cat-agafay","7":"product_cat-tours","8":"desktop-align-left","9":"tablet-align-left","10":"mobile-align-left","12":"first","13":"instock","14":"shipping-taxable","15":"purchasable","16":"product-type-simple"},"_links":{"self":[{"href":"https:\/\/marrakechprivatetransfer.com\/fr\/wp-json\/wp\/v2\/product\/970","targetHints":{"allow":["GET"]}}],"collection":[{"href":"https:\/\/marrakechprivatetransfer.com\/fr\/wp-json\/wp\/v2\/product"}],"about":[{"href":"https:\/\/marrakechprivatetransfer.com\/fr\/wp-json\/wp\/v2\/types\/product"}],"replies":[{"embeddable":true,"href":"https:\/\/marrakechprivatetransfer.com\/fr\/wp-json\/wp\/v2\/comments?post=970"}],"wp:featuredmedia":[{"embeddable":true,"href":"https:\/\/marrakechprivatetransfer.com\/fr\/wp-json\/wp\/v2\/media\/634"}],"wp:attachment":[{"href":"https:\/\/marrakechprivatetransfer.com\/fr\/wp-json\/wp\/v2\/media?parent=970"}],"wp:term":[{"taxonomy":"product_brand","embeddable":true,"href":"https:\/\/marrakechprivatetransfer.com\/fr\/wp-json\/wp\/v2\/product_brand?post=970"},{"taxonomy":"product_cat","embeddable":true,"href":"https:\/\/marrakechprivatetransfer.com\/fr\/wp-json\/wp\/v2\/product_cat?post=970"},{"taxonomy":"product_tag","embeddable":true,"href":"https:\/\/marrakechprivatetransfer.com\/fr\/wp-json\/wp\/v2\/product_tag?post=970"}],"curies":[{"name":"wp","href":"https:\/\/api.w.org\/{rel}","templated":true}]}}