{"id":1543,"date":"2025-04-30T14:55:56","date_gmt":"2025-04-30T14:55:56","guid":{"rendered":"https:\/\/marrakechprivatetransfer.com\/?post_type=product&#038;p=1543"},"modified":"2025-05-09T20:23:10","modified_gmt":"2025-05-09T20:23:10","slug":"hot-air-balloon-experience-soar-above-marrakech-in-elegance","status":"publish","type":"product","link":"https:\/\/marrakechprivatetransfer.com\/fr\/produit\/hot-air-balloon-experience-soar-above-marrakech-in-elegance\/","title":{"rendered":"Vol en montgolfi\u00e8re - S'envoler au-dessus de Marrakech en toute \u00e9l\u00e9gance"},"content":{"rendered":"","protected":false},"excerpt":{"rendered":"<div class=\"elementor-element elementor-element-1b1d879 elementor-widget elementor-widget-babe-item-content\" data-id=\"1b1d879\" data-element_type=\"widget\" data-widget_type=\"babe-item-content.default\">\n<div class=\"elementor-widget-container\">\n<div class=\"desc-p havezic-single-content\">\n<p>Profitez du meilleur\u00a0<strong>Ballon \u00e0 air chaud<\/strong>\u00a0Vous vivrez l'exp\u00e9rience de votre vie en assistant au lever du soleil sur les montagnes de l'Atlas \u00e0 Marrakech, puis en prenant un petit-d\u00e9jeuner traditionnel sous une tente marocaine, un moment que vous n'\u00eates pas pr\u00eat d'oublier,<\/p>\n<p>Op\u00e9rer \u00e0 Marrakech, surnomm\u00e9e la \"perle du sud\", est une ville situ\u00e9e dans le sud-ouest du Maroc, au pied des montagnes de l'Atlas. Marrakech a la particularit\u00e9 d'avoir le ciel et l'air les plus purs du Maroc. Marrakech a \u00e9t\u00e9 construite en 1062 par 'Youssef bin Tachfin, le premier souverain de la dynastie almoravide. Vue du ciel, vous d\u00e9couvrirez cette ville pittoresque et les villages perch\u00e9s de la r\u00e9gion qui offrent un v\u00e9ritable r\u00e9gal pour les yeux.<\/p>\n<p>Le programme sera le suivant :<\/p>\n<ol>\n<li>Un transfert en v\u00e9hicule climatis\u00e9 viendra vous chercher \u00e0 votre lieu de r\u00e9sidence et vous emm\u00e8nera au point de d\u00e9part \u00e0 20 km de Marrakech o\u00f9 vous serez chaleureusement accueillis par notre \u00e9quipe, un bon th\u00e9 marocain, du caf\u00e9, des p\u00e2tisseries vous seront servis.<\/li>\n<li>Pr\u00e9paration Apr\u00e8s avoir rencontr\u00e9 le capitaine et son \u00e9quipe, vous assisterez \u00e0 la pr\u00e9paration de la montgolfi\u00e8re, un spectacle magique et impressionnant.<\/li>\n<li>Instructions Un briefing de s\u00e9curit\u00e9 vous sera donn\u00e9 avant l'embarquement, puis vous assisterez et vivrez une heure entre la cime des arbres et les nuages tout en profitant d'une vue panoramique \u00e0 360\u00b0. Le d\u00e9collage se fera \u00e0 partir d'une plateforme agr\u00e9\u00e9e par l'aviation civile.<\/li>\n<li>D\u00e9barquement Vous garderez un souvenir inoubliable de ce moment privil\u00e9gi\u00e9 au contact des \u00e9l\u00e9ments.<\/li>\n<li>Apr\u00e8s le vol et avant la remise des certificats de vol, vous partagerez un moment de convivialit\u00e9 autour d'un petit d\u00e9jeuner berb\u00e8re sous une tente ca\u00efdale. Berb\u00e8re sous une tente ca\u00efdale.<\/li>\n<li>Certificat de vol La remise des certificats de vol se fera dans le cadre d'une petite c\u00e9r\u00e9monie et dans une ambiance conviviale o\u00f9 le pilote appellera les invit\u00e9s un par un pour les honorer et leur remettre leur certificat.<\/li>\n<li>Transfert retour, nos chauffeurs vous ram\u00e8neront \u00e0 votre h\u00f4tel.<\/li>\n<\/ol>\n<\/div>\n<\/div>\n<\/div>\n<div class=\"elementor-element elementor-element-be69b37 elementor-widget elementor-widget-heading\" data-id=\"be69b37\" data-element_type=\"widget\" data-widget_type=\"heading.default\">\n<div class=\"elementor-widget-container\">\n<h5 class=\"elementor-heading-title elementor-size-default\">Ce qui est inclus<\/h5>\n<\/div>\n<\/div>\n<div class=\"elementor-element elementor-element-c578b04 elementor-widget elementor-widget-babe-item-included\" data-id=\"c578b04\" data-element_type=\"widget\" data-widget_type=\"babe-item-included.default\">\n<div class=\"elementor-widget-container\">\n<div class=\"elementor-widget-inner\">\n<ul class=\"elementor-list-items\">\n<li class=\"list-item\"><i class=\"havezic-icon- havezic-icon-checkbox-circle-fill\" aria-hidden=\"true\"><\/i><span class=\"list-text\">Transfert aller-retour depuis votre h\u00f4tel\/localit\u00e9 \u00e0 Marrakech<\/span><\/li>\n<li class=\"list-item\"><i class=\"havezic-icon- havezic-icon-checkbox-circle-fill\" aria-hidden=\"true\"><\/i><span class=\"list-text\">Boissons de bienvenue et p\u00e2tisseries \u00e0 l'arriv\u00e9e<\/span><\/li>\n<li class=\"list-item\"><i class=\"havezic-icon- havezic-icon-checkbox-circle-fill\" aria-hidden=\"true\"><\/i><span class=\"list-text\">Vol en montgolfi\u00e8re entre 45min et 1h<\/span><\/li>\n<li class=\"list-item\"><i class=\"havezic-icon- havezic-icon-checkbox-circle-fill\" aria-hidden=\"true\"><\/i><span class=\"list-text\">Petit-d\u00e9jeuner traditionnel dans une tente traditionnelle<\/span><\/li>\n<li class=\"list-item\"><i class=\"havezic-icon- havezic-icon-checkbox-circle-fill\" aria-hidden=\"true\"><\/i><span class=\"list-text\">Certificat de vol \u00e0 votre nom<\/span><\/li>\n<li class=\"list-item\"><i class=\"havezic-icon- havezic-icon-checkbox-circle-fill\" aria-hidden=\"true\"><\/i><span class=\"list-text\">Le prix mentionn\u00e9 comprend tous les programmes<\/span><\/li>\n<\/ul>\n<\/div>\n<\/div>\n<\/div>","protected":false},"featured_media":1544,"comment_status":"open","ping_status":"closed","template":"","meta":{"site-sidebar-layout":"no-sidebar","site-content-layout":"","ast-site-content-layout":"full-width-container","site-content-style":"default","site-sidebar-style":"default","ast-global-header-display":"","ast-banner-title-visibility":"","ast-main-header-display":"disabled","ast-hfb-above-header-display":"","ast-hfb-below-header-display":"","ast-hfb-mobile-header-display":"disabled","site-post-title":"disabled","ast-breadcrumbs-content":"disabled","ast-featured-img":"disabled","footer-sml-layout":"disabled","theme-transparent-header-meta":"default","adv-header-id-meta":"","stick-header-meta":"","header-above-stick-meta":"","header-main-stick-meta":"","header-below-stick-meta":"","astra-migrate-meta-layouts":"set","ast-page-background-enabled":"default","ast-page-background-meta":{"desktop":{"background-color":"var(--ast-global-color-5)","background-image":"","background-repeat":"repeat","background-position":"center center","background-size":"auto","background-attachment":"scroll","background-type":"","background-media":"","overlay-type":"","overlay-color":"","overlay-opacity":"","overlay-gradient":""},"tablet":{"background-color":"","background-image":"","background-repeat":"repeat","background-position":"center center","background-size":"auto","background-attachment":"scroll","background-type":"","background-media":"","overlay-type":"","overlay-color":"","overlay-opacity":"","overlay-gradient":""},"mobile":{"background-color":"","background-image":"","background-repeat":"repeat","background-position":"center center","background-size":"auto","background-attachment":"scroll","background-type":"","background-media":"","overlay-type":"","overlay-color":"","overlay-opacity":"","overlay-gradient":""}},"ast-content-background-meta":{"desktop":{"background-color":"var(--ast-global-color-4)","background-image":"","background-repeat":"repeat","background-position":"center center","background-size":"auto","background-attachment":"scroll","background-type":"","background-media":"","overlay-type":"","overlay-color":"","overlay-opacity":"","overlay-gradient":""},"tablet":{"background-color":"var(--ast-global-color-4)","background-image":"","background-repeat":"repeat","background-position":"center center","background-size":"auto","background-attachment":"scroll","background-type":"","background-media":"","overlay-type":"","overlay-color":"","overlay-opacity":"","overlay-gradient":""},"mobile":{"background-color":"var(--ast-global-color-4)","background-image":"","background-repeat":"repeat","background-position":"center center","background-size":"auto","background-attachment":"scroll","background-type":"","background-media":"","overlay-type":"","overlay-color":"","overlay-opacity":"","overlay-gradient":""}}},"product_brand":[],"product_cat":[35,37],"product_tag":[],"class_list":{"0":"post-1543","1":"product","2":"type-product","3":"status-publish","4":"has-post-thumbnail","6":"product_cat-marrakech","7":"product_cat-tours","8":"desktop-align-left","9":"tablet-align-left","10":"mobile-align-left","12":"first","13":"instock","14":"shipping-taxable","15":"purchasable","16":"product-type-simple"},"_links":{"self":[{"href":"https:\/\/marrakechprivatetransfer.com\/fr\/wp-json\/wp\/v2\/product\/1543","targetHints":{"allow":["GET"]}}],"collection":[{"href":"https:\/\/marrakechprivatetransfer.com\/fr\/wp-json\/wp\/v2\/product"}],"about":[{"href":"https:\/\/marrakechprivatetransfer.com\/fr\/wp-json\/wp\/v2\/types\/product"}],"replies":[{"embeddable":true,"href":"https:\/\/marrakechprivatetransfer.com\/fr\/wp-json\/wp\/v2\/comments?post=1543"}],"wp:featuredmedia":[{"embeddable":true,"href":"https:\/\/marrakechprivatetransfer.com\/fr\/wp-json\/wp\/v2\/media\/1544"}],"wp:attachment":[{"href":"https:\/\/marrakechprivatetransfer.com\/fr\/wp-json\/wp\/v2\/media?parent=1543"}],"wp:term":[{"taxonomy":"product_brand","embeddable":true,"href":"https:\/\/marrakechprivatetransfer.com\/fr\/wp-json\/wp\/v2\/product_brand?post=1543"},{"taxonomy":"product_cat","embeddable":true,"href":"https:\/\/marrakechprivatetransfer.com\/fr\/wp-json\/wp\/v2\/product_cat?post=1543"},{"taxonomy":"product_tag","embeddable":true,"href":"https:\/\/marrakechprivatetransfer.com\/fr\/wp-json\/wp\/v2\/product_tag?post=1543"}],"curies":[{"name":"wp","href":"https:\/\/api.w.org\/{rel}","templated":true}]}}