{"id":1527,"date":"2025-04-30T14:36:34","date_gmt":"2025-04-30T14:36:34","guid":{"rendered":"https:\/\/marrakechprivatetransfer.com\/?post_type=product&#038;p=1527"},"modified":"2025-05-09T20:46:34","modified_gmt":"2025-05-09T20:46:34","slug":"private-day-trip-to-the-ourika-valley-nature-culture-tranquility","status":"publish","type":"product","link":"https:\/\/marrakechprivatetransfer.com\/fr\/produit\/private-day-trip-to-the-ourika-valley-nature-culture-tranquility\/","title":{"rendered":"Excursion priv\u00e9e d'une journ\u00e9e dans la vall\u00e9e de l'Ourika - Nature, Culture"},"content":{"rendered":"","protected":false},"excerpt":{"rendered":"<div class=\"elementor-element elementor-element-1b1d879 elementor-widget elementor-widget-babe-item-content\" data-id=\"1b1d879\" data-element_type=\"widget\" data-widget_type=\"babe-item-content.default\">\n<div class=\"elementor-widget-container\">\n<div class=\"desc-p havezic-single-content\">\n<div class=\"elementor-element elementor-element-1b1d879 elementor-widget elementor-widget-babe-item-content\" data-id=\"1b1d879\" data-element_type=\"widget\" data-widget_type=\"babe-item-content.default\">\n<div class=\"elementor-widget-container\">\n<div class=\"desc-p havezic-single-content\">\n<div class=\"elementor-element elementor-element-1b1d879 elementor-widget elementor-widget-babe-item-content\" data-id=\"1b1d879\" data-element_type=\"widget\" data-widget_type=\"babe-item-content.default\">\n<div class=\"elementor-widget-container\">\n<div class=\"desc-p havezic-single-content\">\n<div class=\"elementor-element elementor-element-1b1d879 elementor-widget elementor-widget-babe-item-content\" data-id=\"1b1d879\" data-element_type=\"widget\" data-widget_type=\"babe-item-content.default\">\n<div class=\"elementor-widget-container\">\n<div class=\"desc-p havezic-single-content\">\n<div class=\"elementor-element elementor-element-1b1d879 elementor-widget elementor-widget-babe-item-content\" data-id=\"1b1d879\" data-element_type=\"widget\" data-widget_type=\"babe-item-content.default\">\n<div class=\"elementor-widget-container\">\n<div class=\"desc-p havezic-single-content\">\n<p>La vall\u00e9e de l'Ourika est la meilleure destination si vous voulez d\u00e9couvrir la vie humble de la population locale, alors l'excursion d'une journ\u00e9e dans la vall\u00e9e de l'Ourika est votre meilleur choix. Au cours de cette excursion d'une journ\u00e9e au d\u00e9part de Marrakech, vous p\u00e9n\u00e9trerez dans la culture et les traditions profondes des Berb\u00e8res, des locaux et des autochtones vivant dans les montagnes, et d\u00e9couvrirez cette r\u00e9gion, une oasis pleine de beaut\u00e9 et de s\u00e9r\u00e9nit\u00e9 nich\u00e9e id\u00e9alement au c\u0153ur des sublimes montagnes de l'Atlas.<\/p>\n<p>Nous continuerons \u00e0 visiter un jardin bio-aromatique, o\u00f9 vous d\u00e9couvrirez les diff\u00e9rentes plantes m\u00e9dicinales utilis\u00e9es par les Berb\u00e8res. Vous aurez ensuite l'occasion de visiter une maison familiale, de d\u00e9couvrir la culture et les traditions des habitants, puis de d\u00e9guster une tasse de th\u00e9 et des cr\u00eapes marocaines.<\/p>\n<p>Notre voyage se poursuivra par la rencontre avec votre guide de montagne local, qui vous fera d\u00e9couvrir les magnifiques panoramas des cascades et profiter d'une randonn\u00e9e au pied des montagnes. Vous passerez par une petite porte pleine de charme qui vous m\u00e8nera sur les hauteurs de l'Atlas.<\/p>\n<p>Apr\u00e8s cette randonn\u00e9e guid\u00e9e vers les cascades, vous pourrez d\u00e9jeuner dans l'un des restaurants traditionnels de l'autre c\u00f4t\u00e9 de la rivi\u00e8re, puis profiter d'un moment de d\u00e9tente au bord de la rivi\u00e8re, avant de rentrer \u00e0 Marrakech vers 17 heures.<\/p>\n<\/div>\n<\/div>\n<\/div>\n<div class=\"elementor-element elementor-element-be69b37 elementor-widget elementor-widget-heading\" data-id=\"be69b37\" data-element_type=\"widget\" data-widget_type=\"heading.default\">\n<div class=\"elementor-widget-container\">\n<h5 class=\"elementor-heading-title elementor-size-default\">Ce qui est inclus<\/h5>\n<\/div>\n<\/div>\n<div class=\"elementor-element elementor-element-c578b04 elementor-widget elementor-widget-babe-item-included\" data-id=\"c578b04\" data-element_type=\"widget\" data-widget_type=\"babe-item-included.default\">\n<div class=\"elementor-widget-container\">\n<div class=\"elementor-widget-inner\">\n<ul class=\"elementor-list-items\">\n<li class=\"list-item\"><i class=\"havezic-icon- havezic-icon-checkbox-circle-fill\" aria-hidden=\"true\"><\/i><span class=\"list-text\">V\u00e9hicule priv\u00e9 climatis\u00e9 avec chauffeur professionnel<\/span><\/li>\n<li class=\"list-item\"><i class=\"havezic-icon- havezic-icon-checkbox-circle-fill\" aria-hidden=\"true\"><\/i><span class=\"list-text\">Gazole et assurance<\/span><\/li>\n<li class=\"list-item\"><i class=\"havezic-icon- havezic-icon-checkbox-circle-fill\" aria-hidden=\"true\"><\/i><span class=\"list-text\">Eau min\u00e9rale et acc\u00e8s WiFi<\/span><\/li>\n<li class=\"list-item\"><i class=\"havezic-icon- havezic-icon-checkbox-circle-fill\" aria-hidden=\"true\"><\/i><span class=\"list-text\">Notre assistance<\/span><\/li>\n<li class=\"list-item\"><i class=\"havezic-icon- havezic-icon-checkbox-circle-fill\" aria-hidden=\"true\"><\/i><span class=\"list-text\">Le d\u00e9jeuner est facultatif<\/span><\/li>\n<li class=\"list-item\"><i class=\"havezic-icon- havezic-icon-checkbox-circle-fill\" aria-hidden=\"true\"><\/i><span class=\"list-text\">La pr\u00e9sence d'un guide local est facultative.<\/span><\/li>\n<\/ul>\n<\/div>\n<\/div>\n<\/div>\n<\/div>\n<\/div>\n<\/div>\n<\/div>\n<\/div>\n<\/div>\n<\/div>\n<\/div>\n<\/div>\n<\/div>\n<\/div>\n<\/div>","protected":false},"featured_media":1528,"comment_status":"open","ping_status":"closed","template":"","meta":{"site-sidebar-layout":"no-sidebar","site-content-layout":"","ast-site-content-layout":"full-width-container","site-content-style":"default","site-sidebar-style":"default","ast-global-header-display":"","ast-banner-title-visibility":"","ast-main-header-display":"disabled","ast-hfb-above-header-display":"","ast-hfb-below-header-display":"","ast-hfb-mobile-header-display":"disabled","site-post-title":"disabled","ast-breadcrumbs-content":"disabled","ast-featured-img":"disabled","footer-sml-layout":"disabled","theme-transparent-header-meta":"default","adv-header-id-meta":"","stick-header-meta":"","header-above-stick-meta":"","header-main-stick-meta":"","header-below-stick-meta":"","astra-migrate-meta-layouts":"set","ast-page-background-enabled":"default","ast-page-background-meta":{"desktop":{"background-color":"var(--ast-global-color-5)","background-image":"","background-repeat":"repeat","background-position":"center center","background-size":"auto","background-attachment":"scroll","background-type":"","background-media":"","overlay-type":"","overlay-color":"","overlay-opacity":"","overlay-gradient":""},"tablet":{"background-color":"","background-image":"","background-repeat":"repeat","background-position":"center center","background-size":"auto","background-attachment":"scroll","background-type":"","background-media":"","overlay-type":"","overlay-color":"","overlay-opacity":"","overlay-gradient":""},"mobile":{"background-color":"","background-image":"","background-repeat":"repeat","background-position":"center center","background-size":"auto","background-attachment":"scroll","background-type":"","background-media":"","overlay-type":"","overlay-color":"","overlay-opacity":"","overlay-gradient":""}},"ast-content-background-meta":{"desktop":{"background-color":"var(--ast-global-color-4)","background-image":"","background-repeat":"repeat","background-position":"center center","background-size":"auto","background-attachment":"scroll","background-type":"","background-media":"","overlay-type":"","overlay-color":"","overlay-opacity":"","overlay-gradient":""},"tablet":{"background-color":"var(--ast-global-color-4)","background-image":"","background-repeat":"repeat","background-position":"center center","background-size":"auto","background-attachment":"scroll","background-type":"","background-media":"","overlay-type":"","overlay-color":"","overlay-opacity":"","overlay-gradient":""},"mobile":{"background-color":"var(--ast-global-color-4)","background-image":"","background-repeat":"repeat","background-position":"center center","background-size":"auto","background-attachment":"scroll","background-type":"","background-media":"","overlay-type":"","overlay-color":"","overlay-opacity":"","overlay-gradient":""}}},"product_brand":[],"product_cat":[32,37],"product_tag":[],"class_list":{"0":"post-1527","1":"product","2":"type-product","3":"status-publish","4":"has-post-thumbnail","6":"product_cat-the-atlas","7":"product_cat-tours","8":"desktop-align-left","9":"tablet-align-left","10":"mobile-align-left","12":"first","13":"instock","14":"shipping-taxable","15":"purchasable","16":"product-type-simple"},"_links":{"self":[{"href":"https:\/\/marrakechprivatetransfer.com\/fr\/wp-json\/wp\/v2\/product\/1527","targetHints":{"allow":["GET"]}}],"collection":[{"href":"https:\/\/marrakechprivatetransfer.com\/fr\/wp-json\/wp\/v2\/product"}],"about":[{"href":"https:\/\/marrakechprivatetransfer.com\/fr\/wp-json\/wp\/v2\/types\/product"}],"replies":[{"embeddable":true,"href":"https:\/\/marrakechprivatetransfer.com\/fr\/wp-json\/wp\/v2\/comments?post=1527"}],"wp:featuredmedia":[{"embeddable":true,"href":"https:\/\/marrakechprivatetransfer.com\/fr\/wp-json\/wp\/v2\/media\/1528"}],"wp:attachment":[{"href":"https:\/\/marrakechprivatetransfer.com\/fr\/wp-json\/wp\/v2\/media?parent=1527"}],"wp:term":[{"taxonomy":"product_brand","embeddable":true,"href":"https:\/\/marrakechprivatetransfer.com\/fr\/wp-json\/wp\/v2\/product_brand?post=1527"},{"taxonomy":"product_cat","embeddable":true,"href":"https:\/\/marrakechprivatetransfer.com\/fr\/wp-json\/wp\/v2\/product_cat?post=1527"},{"taxonomy":"product_tag","embeddable":true,"href":"https:\/\/marrakechprivatetransfer.com\/fr\/wp-json\/wp\/v2\/product_tag?post=1527"}],"curies":[{"name":"wp","href":"https:\/\/api.w.org\/{rel}","templated":true}]}}