{"id":1525,"date":"2025-04-30T14:34:30","date_gmt":"2025-04-30T14:34:30","guid":{"rendered":"https:\/\/marrakechprivatetransfer.com\/?post_type=product&#038;p=1525"},"modified":"2025-05-09T20:48:46","modified_gmt":"2025-05-09T20:48:46","slug":"private-day-tour-of-the-three-valleys","status":"publish","type":"product","link":"https:\/\/marrakechprivatetransfer.com\/fr\/produit\/private-day-tour-of-the-three-valleys\/","title":{"rendered":"Excursion priv\u00e9e d'une journ\u00e9e dans les trois vall\u00e9es"},"content":{"rendered":"","protected":false},"excerpt":{"rendered":"<div class=\"elementor-element elementor-element-1b1d879 elementor-widget elementor-widget-babe-item-content\" data-id=\"1b1d879\" data-element_type=\"widget\" data-widget_type=\"babe-item-content.default\">\n<div class=\"elementor-widget-container\">\n<div class=\"desc-p havezic-single-content\">\n<div class=\"elementor-element elementor-element-1b1d879 elementor-widget elementor-widget-babe-item-content\" data-id=\"1b1d879\" data-element_type=\"widget\" data-widget_type=\"babe-item-content.default\">\n<div class=\"elementor-widget-container\">\n<div class=\"desc-p havezic-single-content\">\n<div class=\"elementor-element elementor-element-1b1d879 elementor-widget elementor-widget-babe-item-content\" data-id=\"1b1d879\" data-element_type=\"widget\" data-widget_type=\"babe-item-content.default\">\n<div class=\"elementor-widget-container\">\n<div class=\"desc-p havezic-single-content\">\n<div class=\"elementor-element elementor-element-1b1d879 elementor-widget elementor-widget-babe-item-content\" data-id=\"1b1d879\" data-element_type=\"widget\" data-widget_type=\"babe-item-content.default\">\n<div class=\"elementor-widget-container\">\n<div class=\"desc-p havezic-single-content\">\n<p>L'excursion priv\u00e9e des 3 vall\u00e9es s'adresse \u00e0 tous ceux qui souhaitent faire un court trajet depuis Marrakech, pour une mini-aventure et une journ\u00e9e de divertissement. Les trois vall\u00e9es vous offrent des vues spectaculaires sur le paysage naturel environnant de la ville. Situ\u00e9 au-dessus d'Asni, \u00e0 une quarantaine de kilom\u00e8tres de Marrakech, le plateau de Kik est une r\u00e9gion d\u00e9sertique du sud du Maroc, c'est un splendide village aux paysages extraordinaires.<\/p>\n<p>Domin\u00e9 par la cha\u00eene du haut Atlas, le plateau du Kik est un m\u00e9lange de panoramas magnifiques ayant le lac comme centre, pour s'y rendre, le d\u00e9part se fait de Marrakech en prenant la route d'Amizmiz, direction le barrage de Lalla Takerkoust, la route nationale, puis la route secondaire du plateau, une fois sur place, vous serez s\u00e9duit par le charme de ses villages, \u00e0 l'architecture typiquement berb\u00e8re et la cha\u00eene du Haut Atlas avec ses sommets \u00e0 plus de 4000 m\u00e8tres.<\/p>\n<p>nous reprendrons notre excursion des 3 vall\u00e9es apr\u00e8s avoir d\u00e9gust\u00e9 un d\u00e9licieux verre de th\u00e9 \u00e0 la menthe, pr\u00e9par\u00e9 avec amour, vous \u00eates invit\u00e9s \u00e0 d\u00e9couvrir Asni, un petit village berb\u00e8re situ\u00e9 \u00e0 47. km de Marrakech, \u00e0 1150m d'altitude, au pied du Djebel Toubkal avant de poursuivre vers les gorges de Moulay Brahim, et son village qui est le lieu de p\u00e8lerinage d'un c\u00e9l\u00e8bre marabout au Maroc pour gu\u00e9rir l'infertilit\u00e9 des femmes.<\/p>\n<p>Dans l'apr\u00e8s-midi, nous retournerons \u00e0 Marrakech en passant par la vall\u00e9e de l'Ourika.<\/p>\n<\/div>\n<\/div>\n<\/div>\n<div class=\"elementor-element elementor-element-be69b37 elementor-widget elementor-widget-heading\" data-id=\"be69b37\" data-element_type=\"widget\" data-widget_type=\"heading.default\">\n<div class=\"elementor-widget-container\">\n<h5 class=\"elementor-heading-title elementor-size-default\">Ce qui est inclus<\/h5>\n<\/div>\n<\/div>\n<div class=\"elementor-element elementor-element-c578b04 elementor-widget elementor-widget-babe-item-included\" data-id=\"c578b04\" data-element_type=\"widget\" data-widget_type=\"babe-item-included.default\">\n<div class=\"elementor-widget-container\">\n<div class=\"elementor-widget-inner\">\n<ul class=\"elementor-list-items\">\n<li class=\"list-item\"><i class=\"havezic-icon- havezic-icon-checkbox-circle-fill\" aria-hidden=\"true\"><\/i><span class=\"list-text\">V\u00e9hicules climatis\u00e9s et chauffeur professionnel<\/span><\/li>\n<li class=\"list-item\"><i class=\"havezic-icon- havezic-icon-checkbox-circle-fill\" aria-hidden=\"true\"><\/i><span class=\"list-text\">Gazole et assurance<\/span><\/li>\n<li class=\"list-item\"><i class=\"havezic-icon- havezic-icon-checkbox-circle-fill\" aria-hidden=\"true\"><\/i><span class=\"list-text\">Acc\u00e8s wi-fi<\/span><\/li>\n<li class=\"list-item\"><i class=\"havezic-icon- havezic-icon-checkbox-circle-fill\" aria-hidden=\"true\"><\/i><span class=\"list-text\">Bouteilles d'eau min\u00e9rale<\/span><\/li>\n<li class=\"list-item\"><i class=\"havezic-icon- havezic-icon-checkbox-circle-fill\" aria-hidden=\"true\"><\/i><span class=\"list-text\">si\u00e8ges b\u00e9b\u00e9 gratuits (sur demande)<\/span><\/li>\n<li class=\"list-item\"><i class=\"havezic-icon- havezic-icon-checkbox-circle-fill\" aria-hidden=\"true\"><\/i><span class=\"list-text\">Notre assistance<\/span><\/li>\n<\/ul>\n<\/div>\n<\/div>\n<\/div>\n<\/div>\n<\/div>\n<\/div>\n<\/div>\n<\/div>\n<\/div>\n<\/div>\n<\/div>\n<\/div>","protected":false},"featured_media":1526,"comment_status":"open","ping_status":"closed","template":"","meta":{"site-sidebar-layout":"no-sidebar","site-content-layout":"","ast-site-content-layout":"full-width-container","site-content-style":"default","site-sidebar-style":"default","ast-global-header-display":"","ast-banner-title-visibility":"","ast-main-header-display":"disabled","ast-hfb-above-header-display":"","ast-hfb-below-header-display":"","ast-hfb-mobile-header-display":"disabled","site-post-title":"disabled","ast-breadcrumbs-content":"disabled","ast-featured-img":"disabled","footer-sml-layout":"disabled","theme-transparent-header-meta":"default","adv-header-id-meta":"","stick-header-meta":"","header-above-stick-meta":"","header-main-stick-meta":"","header-below-stick-meta":"","astra-migrate-meta-layouts":"set","ast-page-background-enabled":"default","ast-page-background-meta":{"desktop":{"background-color":"var(--ast-global-color-5)","background-image":"","background-repeat":"repeat","background-position":"center center","background-size":"auto","background-attachment":"scroll","background-type":"","background-media":"","overlay-type":"","overlay-color":"","overlay-opacity":"","overlay-gradient":""},"tablet":{"background-color":"","background-image":"","background-repeat":"repeat","background-position":"center center","background-size":"auto","background-attachment":"scroll","background-type":"","background-media":"","overlay-type":"","overlay-color":"","overlay-opacity":"","overlay-gradient":""},"mobile":{"background-color":"","background-image":"","background-repeat":"repeat","background-position":"center center","background-size":"auto","background-attachment":"scroll","background-type":"","background-media":"","overlay-type":"","overlay-color":"","overlay-opacity":"","overlay-gradient":""}},"ast-content-background-meta":{"desktop":{"background-color":"var(--ast-global-color-4)","background-image":"","background-repeat":"repeat","background-position":"center center","background-size":"auto","background-attachment":"scroll","background-type":"","background-media":"","overlay-type":"","overlay-color":"","overlay-opacity":"","overlay-gradient":""},"tablet":{"background-color":"var(--ast-global-color-4)","background-image":"","background-repeat":"repeat","background-position":"center center","background-size":"auto","background-attachment":"scroll","background-type":"","background-media":"","overlay-type":"","overlay-color":"","overlay-opacity":"","overlay-gradient":""},"mobile":{"background-color":"var(--ast-global-color-4)","background-image":"","background-repeat":"repeat","background-position":"center center","background-size":"auto","background-attachment":"scroll","background-type":"","background-media":"","overlay-type":"","overlay-color":"","overlay-opacity":"","overlay-gradient":""}}},"product_brand":[],"product_cat":[32,37],"product_tag":[],"class_list":{"0":"post-1525","1":"product","2":"type-product","3":"status-publish","4":"has-post-thumbnail","6":"product_cat-the-atlas","7":"product_cat-tours","8":"desktop-align-left","9":"tablet-align-left","10":"mobile-align-left","12":"first","13":"instock","14":"shipping-taxable","15":"purchasable","16":"product-type-simple"},"_links":{"self":[{"href":"https:\/\/marrakechprivatetransfer.com\/fr\/wp-json\/wp\/v2\/product\/1525","targetHints":{"allow":["GET"]}}],"collection":[{"href":"https:\/\/marrakechprivatetransfer.com\/fr\/wp-json\/wp\/v2\/product"}],"about":[{"href":"https:\/\/marrakechprivatetransfer.com\/fr\/wp-json\/wp\/v2\/types\/product"}],"replies":[{"embeddable":true,"href":"https:\/\/marrakechprivatetransfer.com\/fr\/wp-json\/wp\/v2\/comments?post=1525"}],"wp:featuredmedia":[{"embeddable":true,"href":"https:\/\/marrakechprivatetransfer.com\/fr\/wp-json\/wp\/v2\/media\/1526"}],"wp:attachment":[{"href":"https:\/\/marrakechprivatetransfer.com\/fr\/wp-json\/wp\/v2\/media?parent=1525"}],"wp:term":[{"taxonomy":"product_brand","embeddable":true,"href":"https:\/\/marrakechprivatetransfer.com\/fr\/wp-json\/wp\/v2\/product_brand?post=1525"},{"taxonomy":"product_cat","embeddable":true,"href":"https:\/\/marrakechprivatetransfer.com\/fr\/wp-json\/wp\/v2\/product_cat?post=1525"},{"taxonomy":"product_tag","embeddable":true,"href":"https:\/\/marrakechprivatetransfer.com\/fr\/wp-json\/wp\/v2\/product_tag?post=1525"}],"curies":[{"name":"wp","href":"https:\/\/api.w.org\/{rel}","templated":true}]}}