{"id":1522,"date":"2025-04-30T14:29:51","date_gmt":"2025-04-30T14:29:51","guid":{"rendered":"https:\/\/marrakechprivatetransfer.com\/?post_type=product&#038;p=1522"},"modified":"2025-05-09T20:49:09","modified_gmt":"2025-05-09T20:49:09","slug":"private-day-trip-to-anima-garden-the-island-of-the-blessed","status":"publish","type":"product","link":"https:\/\/marrakechprivatetransfer.com\/fr\/produit\/private-day-trip-to-anima-garden-the-island-of-the-blessed\/","title":{"rendered":"Excursion priv\u00e9e d'une journ\u00e9e \u00e0 Anima Garden - L'\u00eele des bienheureux"},"content":{"rendered":"","protected":false},"excerpt":{"rendered":"<div class=\"elementor-element elementor-element-1b1d879 elementor-widget elementor-widget-babe-item-content\" data-id=\"1b1d879\" data-element_type=\"widget\" data-widget_type=\"babe-item-content.default\">\n<div class=\"elementor-widget-container\">\n<div class=\"desc-p havezic-single-content\">\n<div class=\"elementor-element elementor-element-1b1d879 elementor-widget elementor-widget-babe-item-content\" data-id=\"1b1d879\" data-element_type=\"widget\" data-widget_type=\"babe-item-content.default\">\n<div class=\"elementor-widget-container\">\n<div class=\"desc-p havezic-single-content\">\n<div class=\"elementor-element elementor-element-1b1d879 elementor-widget elementor-widget-babe-item-content\" data-id=\"1b1d879\" data-element_type=\"widget\" data-widget_type=\"babe-item-content.default\">\n<div class=\"elementor-widget-container\">\n<div class=\"desc-p havezic-single-content\">\n<p>\u00c9vadez-vous de Marrakech \u00e0 Anima Garden dans les montagnes de l'Atlas pour d\u00e9couvrir des paysages \u00e0 couper le souffle et quelques-unes des plus belles rivi\u00e8res, montagnes et chutes d'eau du Maroc. Lors de cette excursion, vous appr\u00e9cierez le trajet jusqu'\u00e0 la vall\u00e9e de l'Ourika et aurez l'occasion de visiter les jardins magiques d'Anima, o\u00f9 la nature et l'art se rencontrent. En chemin, nous d\u00e9couvrirons la culture de la r\u00e9gion de l'Ourika, avec un arr\u00eat dans l'un des villages berb\u00e8res.<\/p>\n<p>Le jardin Anima d'Andr\u00e9 Hiller est un lieu magique d'une beaut\u00e9 surprenante que l'on ne s'attend pas \u00e0 trouver dans le quartier bruyant et surpeupl\u00e9 de Marrakech. Ouvert apr\u00e8s 6 ans de travail acharn\u00e9, \"ANIMA\" est d\u00e9crit comme l'un des plus beaux jardins et la fantaisie la plus \u00e9maill\u00e9e du monde, selon \"Arte TV\". Ce n'est pas seulement un jardin : il s'\u00e9tend sur 3 hectares, avec une mise en sc\u00e8ne botanique impressionnante. Plus de 250 types de plantes, du bambou aux palmiers et aux cactus, interagissent avec des \u0153uvres d'art de Pablo Picasso, Keith Haring, des talents locaux m\u00e9connus et bien d'autres encore. Le jardin Anima d'Andr\u00e9 Hiller est une source de fra\u00eecheur pendant les journ\u00e9es ensoleill\u00e9es, une salle puissante de miracles botaniques qui invite les visiteurs de tout \u00e2ge et de toute culture \u00e0 s'y promener, \u00e0 s'y ressourcer et \u00e0 s'y reposer. En outre, deux salles de mus\u00e9e pr\u00e9sentent des artistes du monde entier.<\/p>\n<p>Face aux hauteurs de l'Atlas se trouve la ferme de\u00a0<strong>Paradis du Safran<\/strong>\u00a0Elle vous donnera un cours d'introduction au Safran pour apprendre \u00e0 diff\u00e9rencier le vrai du faux Safran. vous invite \u00e0 d\u00e9couvrir ce produit exceptionnel : sa culture, ses caract\u00e9ristiques, les m\u00e9thodes de taille et de s\u00e9chage...<\/p>\n<\/div>\n<\/div>\n<\/div>\n<div class=\"elementor-element elementor-element-be69b37 elementor-widget elementor-widget-heading\" data-id=\"be69b37\" data-element_type=\"widget\" data-widget_type=\"heading.default\">\n<div class=\"elementor-widget-container\">\n<h5 class=\"elementor-heading-title elementor-size-default\">Ce qui est inclus<\/h5>\n<\/div>\n<\/div>\n<div class=\"elementor-element elementor-element-c578b04 elementor-widget elementor-widget-babe-item-included\" data-id=\"c578b04\" data-element_type=\"widget\" data-widget_type=\"babe-item-included.default\">\n<div class=\"elementor-widget-container\">\n<div class=\"elementor-widget-inner\">\n<ul class=\"elementor-list-items\">\n<li class=\"list-item\"><i class=\"havezic-icon- havezic-icon-checkbox-circle-fill\" aria-hidden=\"true\"><\/i><span class=\"list-text\">V\u00e9hicule priv\u00e9 climatis\u00e9 avec chauffeur professionnel<\/span><\/li>\n<li class=\"list-item\"><i class=\"havezic-icon- havezic-icon-checkbox-circle-fill\" aria-hidden=\"true\"><\/i><span class=\"list-text\">Gazole et assurance<\/span><\/li>\n<li class=\"list-item\"><i class=\"havezic-icon- havezic-icon-checkbox-circle-fill\" aria-hidden=\"true\"><\/i><span class=\"list-text\">Eau min\u00e9rale et acc\u00e8s WiFi<\/span><\/li>\n<li class=\"list-item\"><i class=\"havezic-icon- havezic-icon-checkbox-circle-fill\" aria-hidden=\"true\"><\/i><span class=\"list-text\">Notre assistance<\/span><\/li>\n<\/ul>\n<\/div>\n<\/div>\n<\/div>\n<\/div>\n<\/div>\n<\/div>\n<\/div>\n<\/div>\n<\/div>","protected":false},"featured_media":1569,"comment_status":"open","ping_status":"closed","template":"","meta":{"site-sidebar-layout":"no-sidebar","site-content-layout":"","ast-site-content-layout":"full-width-container","site-content-style":"default","site-sidebar-style":"default","ast-global-header-display":"","ast-banner-title-visibility":"","ast-main-header-display":"disabled","ast-hfb-above-header-display":"","ast-hfb-below-header-display":"","ast-hfb-mobile-header-display":"disabled","site-post-title":"disabled","ast-breadcrumbs-content":"disabled","ast-featured-img":"disabled","footer-sml-layout":"disabled","theme-transparent-header-meta":"default","adv-header-id-meta":"","stick-header-meta":"","header-above-stick-meta":"","header-main-stick-meta":"","header-below-stick-meta":"","astra-migrate-meta-layouts":"set","ast-page-background-enabled":"default","ast-page-background-meta":{"desktop":{"background-color":"var(--ast-global-color-5)","background-image":"","background-repeat":"repeat","background-position":"center center","background-size":"auto","background-attachment":"scroll","background-type":"","background-media":"","overlay-type":"","overlay-color":"","overlay-opacity":"","overlay-gradient":""},"tablet":{"background-color":"","background-image":"","background-repeat":"repeat","background-position":"center center","background-size":"auto","background-attachment":"scroll","background-type":"","background-media":"","overlay-type":"","overlay-color":"","overlay-opacity":"","overlay-gradient":""},"mobile":{"background-color":"","background-image":"","background-repeat":"repeat","background-position":"center center","background-size":"auto","background-attachment":"scroll","background-type":"","background-media":"","overlay-type":"","overlay-color":"","overlay-opacity":"","overlay-gradient":""}},"ast-content-background-meta":{"desktop":{"background-color":"var(--ast-global-color-4)","background-image":"","background-repeat":"repeat","background-position":"center center","background-size":"auto","background-attachment":"scroll","background-type":"","background-media":"","overlay-type":"","overlay-color":"","overlay-opacity":"","overlay-gradient":""},"tablet":{"background-color":"var(--ast-global-color-4)","background-image":"","background-repeat":"repeat","background-position":"center center","background-size":"auto","background-attachment":"scroll","background-type":"","background-media":"","overlay-type":"","overlay-color":"","overlay-opacity":"","overlay-gradient":""},"mobile":{"background-color":"var(--ast-global-color-4)","background-image":"","background-repeat":"repeat","background-position":"center center","background-size":"auto","background-attachment":"scroll","background-type":"","background-media":"","overlay-type":"","overlay-color":"","overlay-opacity":"","overlay-gradient":""}}},"product_brand":[],"product_cat":[32,37],"product_tag":[],"class_list":{"0":"post-1522","1":"product","2":"type-product","3":"status-publish","4":"has-post-thumbnail","6":"product_cat-the-atlas","7":"product_cat-tours","8":"desktop-align-left","9":"tablet-align-left","10":"mobile-align-left","12":"first","13":"instock","14":"shipping-taxable","15":"purchasable","16":"product-type-simple"},"_links":{"self":[{"href":"https:\/\/marrakechprivatetransfer.com\/fr\/wp-json\/wp\/v2\/product\/1522","targetHints":{"allow":["GET"]}}],"collection":[{"href":"https:\/\/marrakechprivatetransfer.com\/fr\/wp-json\/wp\/v2\/product"}],"about":[{"href":"https:\/\/marrakechprivatetransfer.com\/fr\/wp-json\/wp\/v2\/types\/product"}],"replies":[{"embeddable":true,"href":"https:\/\/marrakechprivatetransfer.com\/fr\/wp-json\/wp\/v2\/comments?post=1522"}],"wp:featuredmedia":[{"embeddable":true,"href":"https:\/\/marrakechprivatetransfer.com\/fr\/wp-json\/wp\/v2\/media\/1569"}],"wp:attachment":[{"href":"https:\/\/marrakechprivatetransfer.com\/fr\/wp-json\/wp\/v2\/media?parent=1522"}],"wp:term":[{"taxonomy":"product_brand","embeddable":true,"href":"https:\/\/marrakechprivatetransfer.com\/fr\/wp-json\/wp\/v2\/product_brand?post=1522"},{"taxonomy":"product_cat","embeddable":true,"href":"https:\/\/marrakechprivatetransfer.com\/fr\/wp-json\/wp\/v2\/product_cat?post=1522"},{"taxonomy":"product_tag","embeddable":true,"href":"https:\/\/marrakechprivatetransfer.com\/fr\/wp-json\/wp\/v2\/product_tag?post=1522"}],"curies":[{"name":"wp","href":"https:\/\/api.w.org\/{rel}","templated":true}]}}