{"id":1543,"date":"2025-04-30T14:55:56","date_gmt":"2025-04-30T14:55:56","guid":{"rendered":"https:\/\/marrakechprivatetransfer.com\/?post_type=product&#038;p=1543"},"modified":"2025-05-09T20:23:10","modified_gmt":"2025-05-09T20:23:10","slug":"hot-air-balloon-experience-soar-above-marrakech-in-elegance","status":"publish","type":"product","link":"https:\/\/marrakechprivatetransfer.com\/es\/producto\/hot-air-balloon-experience-soar-above-marrakech-in-elegance\/","title":{"rendered":"Experiencia en globo aerost\u00e1tico - Sobrevuele Marrakech con elegancia"},"content":{"rendered":"","protected":false},"excerpt":{"rendered":"<div class=\"elementor-element elementor-element-1b1d879 elementor-widget elementor-widget-babe-item-content\" data-id=\"1b1d879\" data-element_type=\"widget\" data-widget_type=\"babe-item-content.default\">\n<div class=\"elementor-widget-container\">\n<div class=\"desc-p havezic-single-content\">\n<p>Disfrute de lo mejor\u00a0<strong>Globo de aire caliente<\/strong>\u00a0experiencia de su vida y contemple el amanecer sobre las monta\u00f1as del Atlas de Marrakech, despu\u00e9s tome un desayuno tradicional en una tienda marroqu\u00ed, un momento que nunca olvidar\u00e1,<\/p>\n<p>Operar en Marrakech, que es conocida como la \"perla del sur\" es una ciudad en el suroeste de Marruecos en las estribaciones de las monta\u00f1as del Atlas. Marrakech tiene la distinci\u00f3n de poseer el cielo y el aire m\u00e1s puros de Marruecos. Marrakech fue construida en 1062, por 'Youssef bin Tachfin, el primer gobernante de la dinast\u00eda almor\u00e1vide. Vista desde el cielo, descubrir\u00e1 esta pintoresca ciudad y los pueblos de las colinas de la regi\u00f3n que ofrecen un aut\u00e9ntico fest\u00edn para los ojos.<\/p>\n<p>El programa ser\u00e1 el siguiente:<\/p>\n<ol>\n<li>Un veh\u00edculo con aire acondicionado le recoger\u00e1 en su lugar de residencia y le llevar\u00e1 al punto de despegue, a 20 km de Marrakech, donde nuestro equipo le dar\u00e1 una calurosa bienvenida y le servir\u00e1 un buen t\u00e9 marroqu\u00ed, caf\u00e9 y boller\u00eda.<\/li>\n<li>Preparaci\u00f3n Tras reunirse con el capit\u00e1n y su equipo, asistir\u00e1 a la preparaci\u00f3n del globo aerost\u00e1tico, un espect\u00e1culo m\u00e1gico e impresionante.<\/li>\n<li>Instrucciones Se le dar\u00e1 un briefing de seguridad antes de embarcar y despu\u00e9s asistir\u00e1 y experimentar\u00e1 una hora entre las copas de los \u00e1rboles y las nubes mientras disfruta de una vista panor\u00e1mica de 360\u00b0. El despegue se realizar\u00e1 desde una plataforma aprobada por Aviaci\u00f3n Civil.<\/li>\n<li>Aterrizaje Guardar\u00e1 un recuerdo inolvidable de este momento tan especial en contacto con los elementos.<\/li>\n<li>Tras el vuelo y antes de la entrega de los certificados de vuelo, compartir\u00e1 un momento de convivencia en torno a un desayuno bereber bajo una tienda caidal. Bereber bajo una tienda caidal.<\/li>\n<li>Certificado de vuelo La entrega de los certificados de vuelo tendr\u00e1 lugar en una peque\u00f1a ceremonia y en un ambiente amistoso en el que el piloto llamar\u00e1 a los invitados uno por uno para que sean homenajeados y reciban sus certificados.<\/li>\n<li>Traslado de regreso, Nuestros ch\u00f3feres le llevar\u00e1n de vuelta a su hotel.<\/li>\n<\/ol>\n<\/div>\n<\/div>\n<\/div>\n<div class=\"elementor-element elementor-element-be69b37 elementor-widget elementor-widget-heading\" data-id=\"be69b37\" data-element_type=\"widget\" data-widget_type=\"heading.default\">\n<div class=\"elementor-widget-container\">\n<h5 class=\"elementor-heading-title elementor-size-default\">Qu\u00e9 incluye<\/h5>\n<\/div>\n<\/div>\n<div class=\"elementor-element elementor-element-c578b04 elementor-widget elementor-widget-babe-item-included\" data-id=\"c578b04\" data-element_type=\"widget\" data-widget_type=\"babe-item-included.default\">\n<div class=\"elementor-widget-container\">\n<div class=\"elementor-widget-inner\">\n<ul class=\"elementor-list-items\">\n<li class=\"list-item\"><i class=\"havezic-icon- havezic-icon-checkbox-circle-fill\" aria-hidden=\"true\"><\/i><span class=\"list-text\">Traslado de ida y vuelta desde su hotel\/ubicaci\u00f3n en Marrakech<\/span><\/li>\n<li class=\"list-item\"><i class=\"havezic-icon- havezic-icon-checkbox-circle-fill\" aria-hidden=\"true\"><\/i><span class=\"list-text\">Bebidas y pasteles de bienvenida a la llegada<\/span><\/li>\n<li class=\"list-item\"><i class=\"havezic-icon- havezic-icon-checkbox-circle-fill\" aria-hidden=\"true\"><\/i><span class=\"list-text\">Vuelo en globo entre 45min y 1h<\/span><\/li>\n<li class=\"list-item\"><i class=\"havezic-icon- havezic-icon-checkbox-circle-fill\" aria-hidden=\"true\"><\/i><span class=\"list-text\">Desayuno tradicional en una tienda tradicional<\/span><\/li>\n<li class=\"list-item\"><i class=\"havezic-icon- havezic-icon-checkbox-circle-fill\" aria-hidden=\"true\"><\/i><span class=\"list-text\">Certificado de vuelo a su nombre<\/span><\/li>\n<li class=\"list-item\"><i class=\"havezic-icon- havezic-icon-checkbox-circle-fill\" aria-hidden=\"true\"><\/i><span class=\"list-text\">El precio mencionado incluye todos los programas<\/span><\/li>\n<\/ul>\n<\/div>\n<\/div>\n<\/div>","protected":false},"featured_media":1544,"comment_status":"open","ping_status":"closed","template":"","meta":{"site-sidebar-layout":"no-sidebar","site-content-layout":"","ast-site-content-layout":"full-width-container","site-content-style":"default","site-sidebar-style":"default","ast-global-header-display":"","ast-banner-title-visibility":"","ast-main-header-display":"disabled","ast-hfb-above-header-display":"","ast-hfb-below-header-display":"","ast-hfb-mobile-header-display":"disabled","site-post-title":"disabled","ast-breadcrumbs-content":"disabled","ast-featured-img":"disabled","footer-sml-layout":"disabled","theme-transparent-header-meta":"default","adv-header-id-meta":"","stick-header-meta":"","header-above-stick-meta":"","header-main-stick-meta":"","header-below-stick-meta":"","astra-migrate-meta-layouts":"set","ast-page-background-enabled":"default","ast-page-background-meta":{"desktop":{"background-color":"var(--ast-global-color-5)","background-image":"","background-repeat":"repeat","background-position":"center center","background-size":"auto","background-attachment":"scroll","background-type":"","background-media":"","overlay-type":"","overlay-color":"","overlay-opacity":"","overlay-gradient":""},"tablet":{"background-color":"","background-image":"","background-repeat":"repeat","background-position":"center center","background-size":"auto","background-attachment":"scroll","background-type":"","background-media":"","overlay-type":"","overlay-color":"","overlay-opacity":"","overlay-gradient":""},"mobile":{"background-color":"","background-image":"","background-repeat":"repeat","background-position":"center center","background-size":"auto","background-attachment":"scroll","background-type":"","background-media":"","overlay-type":"","overlay-color":"","overlay-opacity":"","overlay-gradient":""}},"ast-content-background-meta":{"desktop":{"background-color":"var(--ast-global-color-4)","background-image":"","background-repeat":"repeat","background-position":"center center","background-size":"auto","background-attachment":"scroll","background-type":"","background-media":"","overlay-type":"","overlay-color":"","overlay-opacity":"","overlay-gradient":""},"tablet":{"background-color":"var(--ast-global-color-4)","background-image":"","background-repeat":"repeat","background-position":"center center","background-size":"auto","background-attachment":"scroll","background-type":"","background-media":"","overlay-type":"","overlay-color":"","overlay-opacity":"","overlay-gradient":""},"mobile":{"background-color":"var(--ast-global-color-4)","background-image":"","background-repeat":"repeat","background-position":"center center","background-size":"auto","background-attachment":"scroll","background-type":"","background-media":"","overlay-type":"","overlay-color":"","overlay-opacity":"","overlay-gradient":""}}},"product_brand":[],"product_cat":[35,37],"product_tag":[],"class_list":{"0":"post-1543","1":"product","2":"type-product","3":"status-publish","4":"has-post-thumbnail","6":"product_cat-marrakech","7":"product_cat-tours","8":"desktop-align-left","9":"tablet-align-left","10":"mobile-align-left","12":"first","13":"instock","14":"shipping-taxable","15":"purchasable","16":"product-type-simple"},"_links":{"self":[{"href":"https:\/\/marrakechprivatetransfer.com\/es\/wp-json\/wp\/v2\/product\/1543","targetHints":{"allow":["GET"]}}],"collection":[{"href":"https:\/\/marrakechprivatetransfer.com\/es\/wp-json\/wp\/v2\/product"}],"about":[{"href":"https:\/\/marrakechprivatetransfer.com\/es\/wp-json\/wp\/v2\/types\/product"}],"replies":[{"embeddable":true,"href":"https:\/\/marrakechprivatetransfer.com\/es\/wp-json\/wp\/v2\/comments?post=1543"}],"wp:featuredmedia":[{"embeddable":true,"href":"https:\/\/marrakechprivatetransfer.com\/es\/wp-json\/wp\/v2\/media\/1544"}],"wp:attachment":[{"href":"https:\/\/marrakechprivatetransfer.com\/es\/wp-json\/wp\/v2\/media?parent=1543"}],"wp:term":[{"taxonomy":"product_brand","embeddable":true,"href":"https:\/\/marrakechprivatetransfer.com\/es\/wp-json\/wp\/v2\/product_brand?post=1543"},{"taxonomy":"product_cat","embeddable":true,"href":"https:\/\/marrakechprivatetransfer.com\/es\/wp-json\/wp\/v2\/product_cat?post=1543"},{"taxonomy":"product_tag","embeddable":true,"href":"https:\/\/marrakechprivatetransfer.com\/es\/wp-json\/wp\/v2\/product_tag?post=1543"}],"curies":[{"name":"wp","href":"https:\/\/api.w.org\/{rel}","templated":true}]}}