{"id":1533,"date":"2025-04-30T14:44:15","date_gmt":"2025-04-30T14:44:15","guid":{"rendered":"https:\/\/marrakechprivatetransfer.com\/?post_type=product&#038;p=1533"},"modified":"2025-05-09T20:45:50","modified_gmt":"2025-05-09T20:45:50","slug":"private-day-trip-to-essaouira-coastal-elegance","status":"publish","type":"product","link":"https:\/\/marrakechprivatetransfer.com\/es\/producto\/private-day-trip-to-essaouira-coastal-elegance\/","title":{"rendered":"Excursi\u00f3n privada de un d\u00eda a Essaouira - Elegancia costera"},"content":{"rendered":"","protected":false},"excerpt":{"rendered":"<div class=\"elementor-element elementor-element-1b1d879 elementor-widget elementor-widget-babe-item-content\" data-id=\"1b1d879\" data-element_type=\"widget\" data-widget_type=\"babe-item-content.default\">\n<div class=\"elementor-widget-container\">\n<div class=\"desc-p havezic-single-content\">\n<div class=\"elementor-element elementor-element-1b1d879 elementor-widget elementor-widget-babe-item-content\" data-id=\"1b1d879\" data-element_type=\"widget\" data-widget_type=\"babe-item-content.default\">\n<div class=\"elementor-widget-container\">\n<div class=\"desc-p havezic-single-content\">\n<div class=\"elementor-element elementor-element-1b1d879 elementor-widget elementor-widget-babe-item-content\" data-id=\"1b1d879\" data-element_type=\"widget\" data-widget_type=\"babe-item-content.default\">\n<div class=\"elementor-widget-container\">\n<div class=\"desc-p havezic-single-content\">\n<div class=\"elementor-element elementor-element-1b1d879 elementor-widget elementor-widget-babe-item-content\" data-id=\"1b1d879\" data-element_type=\"widget\" data-widget_type=\"babe-item-content.default\">\n<div class=\"elementor-widget-container\">\n<div class=\"desc-p havezic-single-content\">\n<div class=\"elementor-element elementor-element-1b1d879 elementor-widget elementor-widget-babe-item-content\" data-id=\"1b1d879\" data-element_type=\"widget\" data-widget_type=\"babe-item-content.default\">\n<div class=\"elementor-widget-container\">\n<div class=\"desc-p havezic-single-content\">\n<div class=\"elementor-element elementor-element-1b1d879 elementor-widget elementor-widget-babe-item-content\" data-id=\"1b1d879\" data-element_type=\"widget\" data-widget_type=\"babe-item-content.default\">\n<div class=\"elementor-widget-container\">\n<div class=\"desc-p havezic-single-content\">\n<div class=\"elementor-element elementor-element-1b1d879 elementor-widget elementor-widget-babe-item-content\" data-id=\"1b1d879\" data-element_type=\"widget\" data-widget_type=\"babe-item-content.default\">\n<div class=\"elementor-widget-container\">\n<div class=\"desc-p havezic-single-content\">\n<p>Essaouira es uno de los destinos tur\u00edsticos m\u00e1s populares del mundo. Antiguamente conocida como Mogador, recuerda los tiempos en que Espa\u00f1a, Portugal e Inglaterra luchaban por el control de su litoral. Essaouira est\u00e1 situada en la costa atl\u00e1ntica occidental de Marruecos. Fue aqu\u00ed donde el director y actor Orson Welles rod\u00f3 su pel\u00edcula \"Otelo\".<\/p>\n<p>Essaouira es una ciudad cultural con muchas peque\u00f1as galer\u00edas de arte, as\u00ed como ebanistas y herreros marroqu\u00edes. El festival Gnaoua de m\u00fasicas del mundo se celebra aqu\u00ed cada a\u00f1o desde 1998. Durante su excursi\u00f3n de un d\u00eda a esta ciudad costera medieval del siglo XVIII, descubrir\u00e1 bonitas columnatas encaladas con contraventanas azules, talleres de madera de thuja, galer\u00edas de arte y un marisco que le har\u00e1 la boca agua.<\/p>\n<p>Salga de Marrakech hacia las 08:00 para un viaje de 3 horas a la bella Essaouira, en la costa atl\u00e1ntica. Una vez que llegue a la ciudad portuaria, anta\u00f1o conocida como Mogador, tendr\u00e1 tiempo para disfrutar de las encantadoras vistas de Essaouira, incluidas sus murallas de color ocre, la hermosa plaza Moulay El Hassan y los zocos, y las estrechas calles de la antigua medina de la ciudad. Disfrute de un almuerzo a base de pescado fresco en un restaurante local. Durante su viaje, descubra los mercados locales y marav\u00edllese ante las joyas del barrio joyero. Regresar\u00e1 a Marrakech a \u00faltima hora de la tarde, llegando a la \"Ciudad Roja\" hacia las 19:00 h.<\/p>\n<\/div>\n<\/div>\n<\/div>\n<div class=\"elementor-element elementor-element-be69b37 elementor-widget elementor-widget-heading\" data-id=\"be69b37\" data-element_type=\"widget\" data-widget_type=\"heading.default\">\n<div class=\"elementor-widget-container\">\n<h5 class=\"elementor-heading-title elementor-size-default\">Qu\u00e9 incluye<\/h5>\n<\/div>\n<\/div>\n<div class=\"elementor-element elementor-element-c578b04 elementor-widget elementor-widget-babe-item-included\" data-id=\"c578b04\" data-element_type=\"widget\" data-widget_type=\"babe-item-included.default\">\n<div class=\"elementor-widget-container\">\n<div class=\"elementor-widget-inner\">\n<ul class=\"elementor-list-items\">\n<li class=\"list-item\"><i class=\"havezic-icon- havezic-icon-checkbox-circle-fill\" aria-hidden=\"true\"><\/i><span class=\"list-text\">Veh\u00edculo privado con aire acondicionado y conductor profesional<\/span><\/li>\n<li class=\"list-item\"><i class=\"havezic-icon- havezic-icon-checkbox-circle-fill\" aria-hidden=\"true\"><\/i><span class=\"list-text\">Gasoil y seguros<\/span><\/li>\n<li class=\"list-item\"><i class=\"havezic-icon- havezic-icon-checkbox-circle-fill\" aria-hidden=\"true\"><\/i><span class=\"list-text\">Agua mineral y acceso WiFi<\/span><\/li>\n<li class=\"list-item\"><i class=\"havezic-icon- havezic-icon-checkbox-circle-fill\" aria-hidden=\"true\"><\/i><span class=\"list-text\">Nuestra asistencia<\/span><\/li>\n<\/ul>\n<\/div>\n<\/div>\n<\/div>\n<\/div>\n<\/div>\n<\/div>\n<\/div>\n<\/div>\n<\/div>\n<\/div>\n<\/div>\n<\/div>\n<\/div>\n<\/div>\n<\/div>\n<\/div>\n<\/div>\n<\/div>\n<\/div>\n<\/div>\n<\/div>","protected":false},"featured_media":1534,"comment_status":"open","ping_status":"closed","template":"","meta":{"site-sidebar-layout":"no-sidebar","site-content-layout":"","ast-site-content-layout":"full-width-container","site-content-style":"default","site-sidebar-style":"default","ast-global-header-display":"","ast-banner-title-visibility":"","ast-main-header-display":"disabled","ast-hfb-above-header-display":"","ast-hfb-below-header-display":"","ast-hfb-mobile-header-display":"disabled","site-post-title":"disabled","ast-breadcrumbs-content":"disabled","ast-featured-img":"disabled","footer-sml-layout":"disabled","theme-transparent-header-meta":"default","adv-header-id-meta":"","stick-header-meta":"","header-above-stick-meta":"","header-main-stick-meta":"","header-below-stick-meta":"","astra-migrate-meta-layouts":"set","ast-page-background-enabled":"default","ast-page-background-meta":{"desktop":{"background-color":"var(--ast-global-color-5)","background-image":"","background-repeat":"repeat","background-position":"center center","background-size":"auto","background-attachment":"scroll","background-type":"","background-media":"","overlay-type":"","overlay-color":"","overlay-opacity":"","overlay-gradient":""},"tablet":{"background-color":"","background-image":"","background-repeat":"repeat","background-position":"center center","background-size":"auto","background-attachment":"scroll","background-type":"","background-media":"","overlay-type":"","overlay-color":"","overlay-opacity":"","overlay-gradient":""},"mobile":{"background-color":"","background-image":"","background-repeat":"repeat","background-position":"center center","background-size":"auto","background-attachment":"scroll","background-type":"","background-media":"","overlay-type":"","overlay-color":"","overlay-opacity":"","overlay-gradient":""}},"ast-content-background-meta":{"desktop":{"background-color":"var(--ast-global-color-4)","background-image":"","background-repeat":"repeat","background-position":"center center","background-size":"auto","background-attachment":"scroll","background-type":"","background-media":"","overlay-type":"","overlay-color":"","overlay-opacity":"","overlay-gradient":""},"tablet":{"background-color":"var(--ast-global-color-4)","background-image":"","background-repeat":"repeat","background-position":"center center","background-size":"auto","background-attachment":"scroll","background-type":"","background-media":"","overlay-type":"","overlay-color":"","overlay-opacity":"","overlay-gradient":""},"mobile":{"background-color":"var(--ast-global-color-4)","background-image":"","background-repeat":"repeat","background-position":"center center","background-size":"auto","background-attachment":"scroll","background-type":"","background-media":"","overlay-type":"","overlay-color":"","overlay-opacity":"","overlay-gradient":""}}},"product_brand":[],"product_cat":[33,37],"product_tag":[],"class_list":{"0":"post-1533","1":"product","2":"type-product","3":"status-publish","4":"has-post-thumbnail","6":"product_cat-essaouira","7":"product_cat-tours","8":"desktop-align-left","9":"tablet-align-left","10":"mobile-align-left","12":"first","13":"instock","14":"shipping-taxable","15":"purchasable","16":"product-type-simple"},"_links":{"self":[{"href":"https:\/\/marrakechprivatetransfer.com\/es\/wp-json\/wp\/v2\/product\/1533","targetHints":{"allow":["GET"]}}],"collection":[{"href":"https:\/\/marrakechprivatetransfer.com\/es\/wp-json\/wp\/v2\/product"}],"about":[{"href":"https:\/\/marrakechprivatetransfer.com\/es\/wp-json\/wp\/v2\/types\/product"}],"replies":[{"embeddable":true,"href":"https:\/\/marrakechprivatetransfer.com\/es\/wp-json\/wp\/v2\/comments?post=1533"}],"wp:featuredmedia":[{"embeddable":true,"href":"https:\/\/marrakechprivatetransfer.com\/es\/wp-json\/wp\/v2\/media\/1534"}],"wp:attachment":[{"href":"https:\/\/marrakechprivatetransfer.com\/es\/wp-json\/wp\/v2\/media?parent=1533"}],"wp:term":[{"taxonomy":"product_brand","embeddable":true,"href":"https:\/\/marrakechprivatetransfer.com\/es\/wp-json\/wp\/v2\/product_brand?post=1533"},{"taxonomy":"product_cat","embeddable":true,"href":"https:\/\/marrakechprivatetransfer.com\/es\/wp-json\/wp\/v2\/product_cat?post=1533"},{"taxonomy":"product_tag","embeddable":true,"href":"https:\/\/marrakechprivatetransfer.com\/es\/wp-json\/wp\/v2\/product_tag?post=1533"}],"curies":[{"name":"wp","href":"https:\/\/api.w.org\/{rel}","templated":true}]}}