{"id":719,"date":"2025-04-25T13:10:44","date_gmt":"2025-04-25T13:10:44","guid":{"rendered":"https:\/\/marrakechprivatetransfer.com\/activities\/"},"modified":"2025-05-09T21:02:39","modified_gmt":"2025-05-09T21:02:39","slug":"excursions","status":"publish","type":"page","link":"https:\/\/marrakechprivatetransfer.com\/es\/excursions\/","title":{"rendered":"Excursiones"},"content":{"rendered":"<div data-elementor-type=\"wp-page\" data-elementor-id=\"719\" class=\"elementor elementor-719\" data-elementor-settings=\"{&quot;ha_cmc_init_switcher&quot;:&quot;no&quot;}\" data-elementor-post-type=\"page\">\n\t\t\t\t<div data-dce-background-overlay-color=\"#051720\" data-dce-background-image-url=\"https:\/\/marrakechprivatetransfer.com\/wp-content\/uploads\/2025\/04\/1-1.jpg\" class=\"elementor-element elementor-element-38ea2da e-flex e-con-boxed wpr-particle-no wpr-jarallax-no wpr-parallax-no wpr-sticky-section-no e-con e-parent\" data-id=\"38ea2da\" data-element_type=\"container\" data-settings=\"{&quot;background_background&quot;:&quot;classic&quot;,&quot;_ha_eqh_enable&quot;:false}\">\n\t\t\t\t\t<div class=\"e-con-inner\">\n\t\t\t\t<div class=\"elementor-element elementor-element-a3fed44 elementor-widget elementor-widget-heading\" data-id=\"a3fed44\" data-element_type=\"widget\" data-widget_type=\"heading.default\">\n\t\t\t\t<div class=\"elementor-widget-container\">\n\t\t\t\t\t<h2 class=\"elementor-heading-title elementor-size-default\">Nuestras excursiones<\/h2>\t\t\t\t<\/div>\n\t\t\t\t<\/div>\n\t\t\t\t<div class=\"elementor-element elementor-element-650ff5f elementor-widget elementor-widget-heading\" data-id=\"650ff5f\" data-element_type=\"widget\" data-widget_type=\"heading.default\">\n\t\t\t\t<div class=\"elementor-widget-container\">\n\t\t\t\t\t<h2 class=\"elementor-heading-title elementor-size-default\">Thrilling Day Trips &amp; Local Adventures<\/h2>\t\t\t\t<\/div>\n\t\t\t\t<\/div>\n\t\t\t\t\t<\/div>\n\t\t\t\t<\/div>\n\t\t<div data-dce-background-color=\"#FFFFFF\" class=\"elementor-element elementor-element-bb66767 e-flex e-con-boxed wpr-particle-no wpr-jarallax-no wpr-parallax-no wpr-sticky-section-no e-con e-parent\" data-id=\"bb66767\" data-element_type=\"container\" data-settings=\"{&quot;background_background&quot;:&quot;classic&quot;,&quot;_ha_eqh_enable&quot;:false}\">\n\t\t\t\t\t<div class=\"e-con-inner\">\n\t\t\t\t<div class=\"elementor-element elementor-element-c706f3a elementor-widget elementor-widget-text-editor\" data-id=\"c706f3a\" data-element_type=\"widget\" data-widget_type=\"text-editor.default\">\n\t\t\t\t<div class=\"elementor-widget-container\">\n\t\t\t\t\t\t\t\t\t<p class=\"\" data-start=\"129\" data-end=\"325\">Durante su estancia en Marruecos, \u00bfpor qu\u00e9 no enriquecer su experiencia con excursiones de uno o varios d\u00edas? Hemos seleccionado una serie de excursiones que muestran la belleza natural, la cultura y la aventura del pa\u00eds.<\/p><p class=\"\" data-start=\"327\" data-end=\"776\">Explore destinos impresionantes como el valle de Ourika y las cascadas de Setti Fatma, los serenos pueblos de Imlil y Asni en las monta\u00f1as del Atlas, o disfrute de un emocionante paseo en camello por el desierto de Agafay. Para los amantes de la adrenalina, pruebe los quads y las aventuras todoterreno en Marrakech, o rel\u00e1jese con un paseo en camello por un palmeral. Tambi\u00e9n puede descubrir el encanto costero en Essaouira, maravillarse con las cascadas de Ouzoud o embarcarse en una traves\u00eda por el desierto hasta Merzouga.<\/p><p class=\"\" data-start=\"778\" data-end=\"956\">Eche un vistazo a nuestras mejores escapadas de un d\u00eda desde Marrakech, todas ellas ofrecidas con un transporte c\u00f3modo y a buen precio.<br data-start=\"887\" data-end=\"890\" \/><strong data-start=\"890\" data-end=\"956\">Reserve ahora, pague despu\u00e9s, \u00a1y cree recuerdos que durar\u00e1n toda la vida!<\/strong><\/p>\t\t\t\t\t\t\t\t<\/div>\n\t\t\t\t<\/div>\n\t\t<div class=\"elementor-element elementor-element-63827f1 e-con-full e-flex wpr-particle-no wpr-jarallax-no wpr-parallax-no wpr-sticky-section-no e-con e-child\" data-id=\"63827f1\" data-element_type=\"container\" data-settings=\"{&quot;_ha_eqh_enable&quot;:false}\">\n\t\t<div class=\"elementor-element elementor-element-f344419 e-con-full e-flex wpr-particle-no wpr-jarallax-no wpr-parallax-no wpr-sticky-section-no e-con e-child\" data-id=\"f344419\" data-element_type=\"container\" data-settings=\"{&quot;_ha_eqh_enable&quot;:false}\">\n\t\t<div data-dce-background-overlay-color=\"#000000\" data-dce-background-image-url=\"https:\/\/marrakechprivatetransfer.com\/wp-content\/uploads\/2025\/04\/337547854.jpg\" class=\"elementor-element elementor-element-2835576 e-con-full e-flex wpr-particle-no wpr-jarallax-no wpr-parallax-no wpr-sticky-section-no e-con e-child\" data-id=\"2835576\" data-element_type=\"container\" data-settings=\"{&quot;background_background&quot;:&quot;classic&quot;,&quot;_ha_eqh_enable&quot;:false}\">\n\t\t\t\t<div class=\"elementor-element elementor-element-4a3b959 elementor-widget elementor-widget-button\" data-id=\"4a3b959\" data-element_type=\"widget\" data-widget_type=\"button.default\">\n\t\t\t\t<div class=\"elementor-widget-container\">\n\t\t\t\t\t\t\t\t\t<div class=\"elementor-button-wrapper\">\n\t\t\t\t\t<a class=\"elementor-button elementor-button-link elementor-size-sm\" href=\"https:\/\/marrakechprivatetransfer.com\/agafay\/\">\n\t\t\t\t\t\t<span class=\"elementor-button-content-wrapper\">\n\t\t\t\t\t\t\t\t\t<span class=\"elementor-button-text\">4 Excursiones<\/span>\n\t\t\t\t\t<\/span>\n\t\t\t\t\t<\/a>\n\t\t\t\t<\/div>\n\t\t\t\t\t\t\t\t<\/div>\n\t\t\t\t<\/div>\n\t\t\t\t<div class=\"elementor-element elementor-element-a207e1b elementor-widget elementor-widget-heading\" data-id=\"a207e1b\" data-element_type=\"widget\" data-widget_type=\"heading.default\">\n\t\t\t\t<div class=\"elementor-widget-container\">\n\t\t\t\t\t<h2 class=\"elementor-heading-title elementor-size-default\"><a href=\"https:\/\/marrakechprivatetransfer.com\/agafay\/\">Agafay<\/a><\/h2>\t\t\t\t<\/div>\n\t\t\t\t<\/div>\n\t\t\t\t<\/div>\n\t\t<div data-dce-background-overlay-color=\"#000000\" data-dce-background-image-url=\"https:\/\/marrakechprivatetransfer.com\/wp-content\/uploads\/2025\/04\/145.webp\" class=\"elementor-element elementor-element-77b7ed1 e-con-full e-flex wpr-particle-no wpr-jarallax-no wpr-parallax-no wpr-sticky-section-no e-con e-child\" data-id=\"77b7ed1\" data-element_type=\"container\" data-settings=\"{&quot;background_background&quot;:&quot;classic&quot;,&quot;_ha_eqh_enable&quot;:false}\">\n\t\t\t\t<div class=\"elementor-element elementor-element-1c2d39b elementor-widget elementor-widget-button\" data-id=\"1c2d39b\" data-element_type=\"widget\" data-widget_type=\"button.default\">\n\t\t\t\t<div class=\"elementor-widget-container\">\n\t\t\t\t\t\t\t\t\t<div class=\"elementor-button-wrapper\">\n\t\t\t\t\t<a class=\"elementor-button elementor-button-link elementor-size-sm\" href=\"https:\/\/marrakechprivatetransfer.com\/ouzoud\/\">\n\t\t\t\t\t\t<span class=\"elementor-button-content-wrapper\">\n\t\t\t\t\t\t\t\t\t<span class=\"elementor-button-text\">1 Excursi\u00f3n<\/span>\n\t\t\t\t\t<\/span>\n\t\t\t\t\t<\/a>\n\t\t\t\t<\/div>\n\t\t\t\t\t\t\t\t<\/div>\n\t\t\t\t<\/div>\n\t\t\t\t<div class=\"elementor-element elementor-element-83a22fd elementor-widget elementor-widget-heading\" data-id=\"83a22fd\" data-element_type=\"widget\" data-widget_type=\"heading.default\">\n\t\t\t\t<div class=\"elementor-widget-container\">\n\t\t\t\t\t<h2 class=\"elementor-heading-title elementor-size-default\"><a href=\"https:\/\/marrakechprivatetransfer.com\/ouzoud\/\">Ouzoud<\/a><\/h2>\t\t\t\t<\/div>\n\t\t\t\t<\/div>\n\t\t\t\t<\/div>\n\t\t\t\t<\/div>\n\t\t<div data-dce-background-overlay-color=\"#000000\" data-dce-background-image-url=\"https:\/\/marrakechprivatetransfer.com\/wp-content\/uploads\/2025\/04\/1-4.jpeg.webp\" class=\"elementor-element elementor-element-8c5df78 e-con-full e-flex wpr-particle-no wpr-jarallax-no wpr-parallax-no wpr-sticky-section-no e-con e-child\" data-id=\"8c5df78\" data-element_type=\"container\" data-settings=\"{&quot;background_background&quot;:&quot;classic&quot;,&quot;_ha_eqh_enable&quot;:false}\">\n\t\t\t\t<div class=\"elementor-element elementor-element-696e243 elementor-widget elementor-widget-button\" data-id=\"696e243\" data-element_type=\"widget\" data-widget_type=\"button.default\">\n\t\t\t\t<div class=\"elementor-widget-container\">\n\t\t\t\t\t\t\t\t\t<div class=\"elementor-button-wrapper\">\n\t\t\t\t\t<a class=\"elementor-button elementor-button-link elementor-size-sm\" href=\"https:\/\/marrakechprivatetransfer.com\/marrakech\/\">\n\t\t\t\t\t\t<span class=\"elementor-button-content-wrapper\">\n\t\t\t\t\t\t\t\t\t<span class=\"elementor-button-text\">4 Excursiones<\/span>\n\t\t\t\t\t<\/span>\n\t\t\t\t\t<\/a>\n\t\t\t\t<\/div>\n\t\t\t\t\t\t\t\t<\/div>\n\t\t\t\t<\/div>\n\t\t\t\t<div class=\"elementor-element elementor-element-9e1ce5c elementor-widget elementor-widget-heading\" data-id=\"9e1ce5c\" data-element_type=\"widget\" data-widget_type=\"heading.default\">\n\t\t\t\t<div class=\"elementor-widget-container\">\n\t\t\t\t\t<h2 class=\"elementor-heading-title elementor-size-default\"><a href=\"https:\/\/marrakechprivatetransfer.com\/marrakech\/\">Marrakech<\/a><\/h2>\t\t\t\t<\/div>\n\t\t\t\t<\/div>\n\t\t\t\t<\/div>\n\t\t<div class=\"elementor-element elementor-element-caf43f0 e-con-full e-flex wpr-particle-no wpr-jarallax-no wpr-parallax-no wpr-sticky-section-no e-con e-child\" data-id=\"caf43f0\" data-element_type=\"container\" data-settings=\"{&quot;_ha_eqh_enable&quot;:false}\">\n\t\t<div data-dce-background-overlay-color=\"#000000\" data-dce-background-image-url=\"https:\/\/marrakechprivatetransfer.com\/wp-content\/uploads\/2025\/04\/thumb-MORATLAS-ourika-valley-atlas-mountains-morocco-012224.jpg\" class=\"elementor-element elementor-element-c331c5f e-con-full e-flex wpr-particle-no wpr-jarallax-no wpr-parallax-no wpr-sticky-section-no e-con e-child\" data-id=\"c331c5f\" data-element_type=\"container\" data-settings=\"{&quot;background_background&quot;:&quot;classic&quot;,&quot;_ha_eqh_enable&quot;:false}\">\n\t\t\t\t<div class=\"elementor-element elementor-element-99b32a0 elementor-widget elementor-widget-button\" data-id=\"99b32a0\" data-element_type=\"widget\" data-widget_type=\"button.default\">\n\t\t\t\t<div class=\"elementor-widget-container\">\n\t\t\t\t\t\t\t\t\t<div class=\"elementor-button-wrapper\">\n\t\t\t\t\t<a class=\"elementor-button elementor-button-link elementor-size-sm\" href=\"https:\/\/marrakechprivatetransfer.com\/atlas\/\">\n\t\t\t\t\t\t<span class=\"elementor-button-content-wrapper\">\n\t\t\t\t\t\t\t\t\t<span class=\"elementor-button-text\">4 Excursiones<\/span>\n\t\t\t\t\t<\/span>\n\t\t\t\t\t<\/a>\n\t\t\t\t<\/div>\n\t\t\t\t\t\t\t\t<\/div>\n\t\t\t\t<\/div>\n\t\t\t\t<div class=\"elementor-element elementor-element-18e1a28 elementor-widget elementor-widget-heading\" data-id=\"18e1a28\" data-element_type=\"widget\" data-widget_type=\"heading.default\">\n\t\t\t\t<div class=\"elementor-widget-container\">\n\t\t\t\t\t<h2 class=\"elementor-heading-title elementor-size-default\"><a href=\"https:\/\/marrakechprivatetransfer.com\/atlas\/\">Atlas<\/a><\/h2>\t\t\t\t<\/div>\n\t\t\t\t<\/div>\n\t\t\t\t<\/div>\n\t\t<div class=\"elementor-element elementor-element-a8b4edf e-con-full e-flex wpr-particle-no wpr-jarallax-no wpr-parallax-no wpr-sticky-section-no e-con e-child\" data-id=\"a8b4edf\" data-element_type=\"container\" data-settings=\"{&quot;_ha_eqh_enable&quot;:false}\">\n\t\t<div data-dce-background-overlay-color=\"#000000\" data-dce-background-image-url=\"https:\/\/marrakechprivatetransfer.com\/wp-content\/uploads\/2025\/04\/essaouira-1.jpg\" class=\"elementor-element elementor-element-5d4f09d e-con-full e-flex wpr-particle-no wpr-jarallax-no wpr-parallax-no wpr-sticky-section-no e-con e-child\" data-id=\"5d4f09d\" data-element_type=\"container\" data-settings=\"{&quot;background_background&quot;:&quot;classic&quot;,&quot;_ha_eqh_enable&quot;:false}\">\n\t\t\t\t<div class=\"elementor-element elementor-element-ec15b3b elementor-widget elementor-widget-button\" data-id=\"ec15b3b\" data-element_type=\"widget\" data-widget_type=\"button.default\">\n\t\t\t\t<div class=\"elementor-widget-container\">\n\t\t\t\t\t\t\t\t\t<div class=\"elementor-button-wrapper\">\n\t\t\t\t\t<a class=\"elementor-button elementor-button-link elementor-size-sm\" href=\"https:\/\/marrakechprivatetransfer.com\/essaouira\/\">\n\t\t\t\t\t\t<span class=\"elementor-button-content-wrapper\">\n\t\t\t\t\t\t\t\t\t<span class=\"elementor-button-text\">1 Excursi\u00f3n<\/span>\n\t\t\t\t\t<\/span>\n\t\t\t\t\t<\/a>\n\t\t\t\t<\/div>\n\t\t\t\t\t\t\t\t<\/div>\n\t\t\t\t<\/div>\n\t\t\t\t<div class=\"elementor-element elementor-element-81f57e6 elementor-widget elementor-widget-heading\" data-id=\"81f57e6\" data-element_type=\"widget\" data-widget_type=\"heading.default\">\n\t\t\t\t<div class=\"elementor-widget-container\">\n\t\t\t\t\t<h2 class=\"elementor-heading-title elementor-size-default\"><a href=\"https:\/\/marrakechprivatetransfer.com\/essaouira\/\">Essaouira<\/a><\/h2>\t\t\t\t<\/div>\n\t\t\t\t<\/div>\n\t\t\t\t<\/div>\n\t\t<div data-dce-background-overlay-color=\"#000000\" data-dce-background-image-url=\"https:\/\/marrakechprivatetransfer.com\/wp-content\/uploads\/2025\/04\/481461695_1132941161800679_6027543822809698554_n.jpg\" class=\"elementor-element elementor-element-a39169d e-con-full e-flex wpr-particle-no wpr-jarallax-no wpr-parallax-no wpr-sticky-section-no e-con e-child\" data-id=\"a39169d\" data-element_type=\"container\" data-settings=\"{&quot;background_background&quot;:&quot;classic&quot;,&quot;_ha_eqh_enable&quot;:false}\">\n\t\t\t\t<div class=\"elementor-element elementor-element-6021bd4 elementor-widget elementor-widget-button\" data-id=\"6021bd4\" data-element_type=\"widget\" data-widget_type=\"button.default\">\n\t\t\t\t<div class=\"elementor-widget-container\">\n\t\t\t\t\t\t\t\t\t<div class=\"elementor-button-wrapper\">\n\t\t\t\t\t<a class=\"elementor-button elementor-button-link elementor-size-sm\" href=\"https:\/\/marrakechprivatetransfer.com\/sahara-desert\/\">\n\t\t\t\t\t\t<span class=\"elementor-button-content-wrapper\">\n\t\t\t\t\t\t\t\t\t<span class=\"elementor-button-text\">1 Excursi\u00f3n<\/span>\n\t\t\t\t\t<\/span>\n\t\t\t\t\t<\/a>\n\t\t\t\t<\/div>\n\t\t\t\t\t\t\t\t<\/div>\n\t\t\t\t<\/div>\n\t\t\t\t<div class=\"elementor-element elementor-element-819d4a8 elementor-widget elementor-widget-heading\" data-id=\"819d4a8\" data-element_type=\"widget\" data-widget_type=\"heading.default\">\n\t\t\t\t<div class=\"elementor-widget-container\">\n\t\t\t\t\t<h2 class=\"elementor-heading-title elementor-size-default\"><a href=\"https:\/\/marrakechprivatetransfer.com\/sahara-desert\/\">Desierto del Sahara<\/a><\/h2>\t\t\t\t<\/div>\n\t\t\t\t<\/div>\n\t\t\t\t<\/div>\n\t\t\t\t<\/div>\n\t\t\t\t<\/div>\n\t\t\t\t<\/div>\n\t\t\t\t\t<\/div>\n\t\t\t\t<\/div>\n\t\t\t\t<\/div>","protected":false},"excerpt":{"rendered":"<p>Our Excursions Thrilling Day Trips &#038; Local Adventures While staying in Morocco, why not enrich your experience with one-day or multi-day trips? We\u2019ve handpicked a range of excursions that showcase the country\u2019s natural beauty, culture, and adventure. Explore breathtaking destinations like the Ourika Valley and Setti Fatma waterfalls, the serene villages of Imlil and Asni in the Atlas Mountains, or enjoy a thrilling camel ride through the Agafay Desert. For adrenaline seekers, try quad biking and off-road adventures in Marrakech, or unwind with a palm grove camel ride. You can also discover coastal charm in Essaouira, marvel at the Ouzoud waterfalls, or embark on a desert journey to Merzouga. Browse our top one-day getaways from Marrakech \u2014 all offered with comfortable transportation and great value.Book now, pay later, and create memories that last a lifetime! 4 Excursions Agafay 1 Excursion Ouzoud 4 Excursions Marrakech 4 Excursions Atlas 1 Excursion Essaouira 1 Excursion Sahara Desert<\/p>","protected":false},"author":1,"featured_media":0,"parent":0,"menu_order":0,"comment_status":"closed","ping_status":"closed","template":"","meta":{"site-sidebar-layout":"no-sidebar","site-content-layout":"","ast-site-content-layout":"full-width-container","site-content-style":"default","site-sidebar-style":"default","ast-global-header-display":"disabled","ast-banner-title-visibility":"disabled","ast-main-header-display":"","ast-hfb-above-header-display":"","ast-hfb-below-header-display":"","ast-hfb-mobile-header-display":"","site-post-title":"disabled","ast-breadcrumbs-content":"","ast-featured-img":"disabled","footer-sml-layout":"disabled","theme-transparent-header-meta":"","adv-header-id-meta":"","stick-header-meta":"","header-above-stick-meta":"","header-main-stick-meta":"","header-below-stick-meta":"","astra-migrate-meta-layouts":"default","ast-page-background-enabled":"default","ast-page-background-meta":{"desktop":{"background-color":"var(--ast-global-color-5)","background-image":"","background-repeat":"repeat","background-position":"center center","background-size":"auto","background-attachment":"scroll","background-type":"","background-media":"","overlay-type":"","overlay-color":"","overlay-opacity":"","overlay-gradient":""},"tablet":{"background-color":"","background-image":"","background-repeat":"repeat","background-position":"center center","background-size":"auto","background-attachment":"scroll","background-type":"","background-media":"","overlay-type":"","overlay-color":"","overlay-opacity":"","overlay-gradient":""},"mobile":{"background-color":"","background-image":"","background-repeat":"repeat","background-position":"center center","background-size":"auto","background-attachment":"scroll","background-type":"","background-media":"","overlay-type":"","overlay-color":"","overlay-opacity":"","overlay-gradient":""}},"ast-content-background-meta":{"desktop":{"background-color":"var(--ast-global-color-4)","background-image":"","background-repeat":"repeat","background-position":"center center","background-size":"auto","background-attachment":"scroll","background-type":"","background-media":"","overlay-type":"","overlay-color":"","overlay-opacity":"","overlay-gradient":""},"tablet":{"background-color":"var(--ast-global-color-4)","background-image":"","background-repeat":"repeat","background-position":"center center","background-size":"auto","background-attachment":"scroll","background-type":"","background-media":"","overlay-type":"","overlay-color":"","overlay-opacity":"","overlay-gradient":""},"mobile":{"background-color":"var(--ast-global-color-4)","background-image":"","background-repeat":"repeat","background-position":"center center","background-size":"auto","background-attachment":"scroll","background-type":"","background-media":"","overlay-type":"","overlay-color":"","overlay-opacity":"","overlay-gradient":""}},"footnotes":""},"class_list":["post-719","page","type-page","status-publish","hentry"],"_hostinger_reach_plugin_has_subscription_block":false,"_hostinger_reach_plugin_is_elementor":false,"_links":{"self":[{"href":"https:\/\/marrakechprivatetransfer.com\/es\/wp-json\/wp\/v2\/pages\/719","targetHints":{"allow":["GET"]}}],"collection":[{"href":"https:\/\/marrakechprivatetransfer.com\/es\/wp-json\/wp\/v2\/pages"}],"about":[{"href":"https:\/\/marrakechprivatetransfer.com\/es\/wp-json\/wp\/v2\/types\/page"}],"author":[{"embeddable":true,"href":"https:\/\/marrakechprivatetransfer.com\/es\/wp-json\/wp\/v2\/users\/1"}],"replies":[{"embeddable":true,"href":"https:\/\/marrakechprivatetransfer.com\/es\/wp-json\/wp\/v2\/comments?post=719"}],"version-history":[{"count":31,"href":"https:\/\/marrakechprivatetransfer.com\/es\/wp-json\/wp\/v2\/pages\/719\/revisions"}],"predecessor-version":[{"id":2443,"href":"https:\/\/marrakechprivatetransfer.com\/es\/wp-json\/wp\/v2\/pages\/719\/revisions\/2443"}],"wp:attachment":[{"href":"https:\/\/marrakechprivatetransfer.com\/es\/wp-json\/wp\/v2\/media?parent=719"}],"curies":[{"name":"wp","href":"https:\/\/api.w.org\/{rel}","templated":true}]}}